{"id":955,"date":"2025-04-29T21:39:46","date_gmt":"2025-04-29T19:39:46","guid":{"rendered":"https:\/\/lnfaa.lt\/?page_id=955"},"modified":"2025-04-29T21:48:28","modified_gmt":"2025-04-29T19:48:28","slug":"lnfaa-paramos-sutartis","status":"publish","type":"page","link":"https:\/\/lnfaa.lt\/index.php\/lnfaa-paramos-sutartis\/","title":{"rendered":"LNFAA Paramos sutartis"},"content":{"rendered":"\t\t<div data-elementor-type=\"wp-page\" data-elementor-id=\"955\" class=\"elementor elementor-955\">\n\t\t\t\t<div class=\"elementor-element elementor-element-44f9e4e e-flex e-con-boxed e-con e-parent\" data-id=\"44f9e4e\" data-element_type=\"container\" data-core-v316-plus=\"true\">\n\t\t\t\t\t<div class=\"e-con-inner\">\n\t\t\t\t<div class=\"elementor-element elementor-element-56e7056 elementor-widget elementor-widget-heading\" data-id=\"56e7056\" data-element_type=\"widget\" data-widget_type=\"heading.default\">\n\t\t\t\t<div class=\"elementor-widget-container\">\n\t\t\t<style>\/*! elementor - v3.20.0 - 13-03-2024 *\/\n.elementor-heading-title{padding:0;margin:0;line-height:1}.elementor-widget-heading .elementor-heading-title[class*=elementor-size-]>a{color:inherit;font-size:inherit;line-height:inherit}.elementor-widget-heading .elementor-heading-title.elementor-size-small{font-size:15px}.elementor-widget-heading .elementor-heading-title.elementor-size-medium{font-size:19px}.elementor-widget-heading .elementor-heading-title.elementor-size-large{font-size:29px}.elementor-widget-heading .elementor-heading-title.elementor-size-xl{font-size:39px}.elementor-widget-heading .elementor-heading-title.elementor-size-xxl{font-size:59px}<\/style><h2 class=\"elementor-heading-title elementor-size-default\">LNFAA  Paramos sutartis<\/h2>\t\t<\/div>\n\t\t\t\t<\/div>\n\t\t\t\t\t<\/div>\n\t\t\t\t<\/div>\n\t\t<div class=\"elementor-element elementor-element-1253945 e-flex e-con-boxed e-con e-parent\" data-id=\"1253945\" data-element_type=\"container\" data-settings=\"{&quot;background_background&quot;:&quot;classic&quot;}\" data-core-v316-plus=\"true\">\n\t\t\t\t\t<div class=\"e-con-inner\">\n\t\t<div class=\"elementor-element elementor-element-dfbe294 e-con-full e-flex e-con e-child\" data-id=\"dfbe294\" data-element_type=\"container\">\n\t\t\t\t<div class=\"elementor-element elementor-element-aee051e elementor-widget elementor-widget-wpdmpackages\" data-id=\"aee051e\" data-element_type=\"widget\" data-widget_type=\"wpdmpackages.default\">\n\t\t\t\t<div class=\"elementor-widget-container\">\n\t\t\t<div class='w3eden'>\n    <div class=''>\n\n        \n        <div id=\"content_wpdm_package_1\">\n            <div class='row'><div class='col-lg-4 col-md-6 col-12'><!-- WPDM Link Template: Panel -->\n\n<div class=\"card\">\n    <div class=\"card-body\">\n        <div class=\"media\">\n            <a class=\"mr-3 img-48\" href=\"https:\/\/lnfaa.lt\/index.php\/download\/lnfaa-paramos-sutartis\/\">\n                \n            <\/a>\n            <div class=\"media-body\">\n                <h3 class=\"media-heading p-0 m-0\"><a href='https:\/\/lnfaa.lt\/index.php\/download\/lnfaa-paramos-sutartis\/'>LNFAA Paramos sutartis<\/a><\/h3>\n                <div class=\"meta text-white-50 text-small mt-1\"><i class=\"fas fa-hdd text-white-50\"><\/i> 333.10 KB <i class=\"ml-2 far fa-arrow-alt-circle-down text-white-50\"><\/i> 270 Downloads<\/div>\n            <\/div>\n        <\/div>\n    <\/div>\n    <div class=\"card-footer\"><div class=\"row\"><div style=\"line-height: 30px;\" class=\"col-6\"><i class=\"far fa-calendar\"><\/i> 29 baland\u017eio, 2025 <span class=\"wpdm_hide wpdm_remove_empty\"><i class=\"fas fa-code-branch ml-2\"><\/i> <\/span><\/div><div class=\"col-6 text-right align-right\"><a class='wpdm-download-link download-on-click btn btn-primary ' rel='nofollow' href='#' data-downloadurl=\"https:\/\/lnfaa.lt\/index.php\/download\/lnfaa-paramos-sutartis\/?wpdmdl=957&refresh=69e1fea0558711776418464\">Download<\/a><\/div><div style=\"clear: both\"><\/div><\/div><\/div>\n<\/div>\n<\/div><\/div>                    <\/div>\n\n        <div style='clear:both'><\/div>\n    <\/div>\n<\/div>\n\t\t<\/div>\n\t\t\t\t<\/div>\n\t\t\t\t<div class=\"elementor-element elementor-element-9dbb976 elementor-widget elementor-widget-heading\" data-id=\"9dbb976\" data-element_type=\"widget\" data-widget_type=\"heading.default\">\n\t\t\t\t<div class=\"elementor-widget-container\">\n\t\t\t<h2 class=\"elementor-heading-title elementor-size-default\">Tarybos pos\u0117d\u017ei\u0173 protokolai<\/h2>\t\t<\/div>\n\t\t\t\t<\/div>\n\t\t\t\t<div class=\"elementor-element elementor-element-247a491 elementor-widget elementor-widget-spacer\" data-id=\"247a491\" data-element_type=\"widget\" data-widget_type=\"spacer.default\">\n\t\t\t\t<div class=\"elementor-widget-container\">\n\t\t\t<style>\/*! elementor - v3.20.0 - 13-03-2024 *\/\n.elementor-column .elementor-spacer-inner{height:var(--spacer-size)}.e-con{--container-widget-width:100%}.e-con-inner>.elementor-widget-spacer,.e-con>.elementor-widget-spacer{width:var(--container-widget-width,var(--spacer-size));--align-self:var(--container-widget-align-self,initial);--flex-shrink:0}.e-con-inner>.elementor-widget-spacer>.elementor-widget-container,.e-con>.elementor-widget-spacer>.elementor-widget-container{height:100%;width:100%}.e-con-inner>.elementor-widget-spacer>.elementor-widget-container>.elementor-spacer,.e-con>.elementor-widget-spacer>.elementor-widget-container>.elementor-spacer{height:100%}.e-con-inner>.elementor-widget-spacer>.elementor-widget-container>.elementor-spacer>.elementor-spacer-inner,.e-con>.elementor-widget-spacer>.elementor-widget-container>.elementor-spacer>.elementor-spacer-inner{height:var(--container-widget-height,var(--spacer-size))}.e-con-inner>.elementor-widget-spacer.elementor-widget-empty,.e-con>.elementor-widget-spacer.elementor-widget-empty{position:relative;min-height:22px;min-width:22px}.e-con-inner>.elementor-widget-spacer.elementor-widget-empty .elementor-widget-empty-icon,.e-con>.elementor-widget-spacer.elementor-widget-empty .elementor-widget-empty-icon{position:absolute;top:0;bottom:0;left:0;right:0;margin:auto;padding:0;width:22px;height:22px}<\/style>\t\t<div class=\"elementor-spacer\">\n\t\t\t<div class=\"elementor-spacer-inner\"><\/div>\n\t\t<\/div>\n\t\t\t\t<\/div>\n\t\t\t\t<\/div>\n\t\t\t\t<\/div>\n\t\t\t\t\t<\/div>\n\t\t\t\t<\/div>\n\t\t<div class=\"elementor-element elementor-element-8cddc71 e-flex e-con-boxed e-con e-parent\" data-id=\"8cddc71\" data-element_type=\"container\" data-core-v316-plus=\"true\">\n\t\t\t\t\t<div class=\"e-con-inner\">\n\t\t\t\t\t<\/div>\n\t\t\t\t<\/div>\n\t\t\t\t<\/div>\n\t\t","protected":false},"excerpt":{"rendered":"<p>LNFAA Paramos sutartis LNFAA Paramos sutartis 333.10 KB 0 Downloads 29 baland\u017eio, 2025 Download Tarybos pos\u0117d\u017ei\u0173 protokolai<\/p>\n","protected":false},"author":1,"featured_media":0,"parent":0,"menu_order":0,"comment_status":"closed","ping_status":"closed","template":"","meta":{"footnotes":""},"_links":{"self":[{"href":"https:\/\/lnfaa.lt\/index.php\/wp-json\/wp\/v2\/pages\/955"}],"collection":[{"href":"https:\/\/lnfaa.lt\/index.php\/wp-json\/wp\/v2\/pages"}],"about":[{"href":"https:\/\/lnfaa.lt\/index.php\/wp-json\/wp\/v2\/types\/page"}],"author":[{"embeddable":true,"href":"https:\/\/lnfaa.lt\/index.php\/wp-json\/wp\/v2\/users\/1"}],"replies":[{"embeddable":true,"href":"https:\/\/lnfaa.lt\/index.php\/wp-json\/wp\/v2\/comments?post=955"}],"version-history":[{"count":7,"href":"https:\/\/lnfaa.lt\/index.php\/wp-json\/wp\/v2\/pages\/955\/revisions"}],"predecessor-version":[{"id":963,"href":"https:\/\/lnfaa.lt\/index.php\/wp-json\/wp\/v2\/pages\/955\/revisions\/963"}],"wp:attachment":[{"href":"https:\/\/lnfaa.lt\/index.php\/wp-json\/wp\/v2\/media?parent=955"}],"curies":[{"name":"wp","href":"https:\/\/api.w.org\/{rel}","templated":true}]}}