{"id":48,"date":"2023-10-23T21:31:15","date_gmt":"2023-10-23T21:31:15","guid":{"rendered":"https:\/\/lnfaa.lt\/?page_id=48"},"modified":"2025-03-03T01:18:43","modified_gmt":"2025-03-02T23:18:43","slug":"apie-lnfaa","status":"publish","type":"page","link":"https:\/\/lnfaa.lt\/index.php\/apie-lnfaa\/","title":{"rendered":"APIE MUS"},"content":{"rendered":"\t\t<div data-elementor-type=\"wp-page\" data-elementor-id=\"48\" class=\"elementor elementor-48\">\n\t\t\t\t<div class=\"elementor-element elementor-element-209db714 e-flex e-con-boxed e-con e-parent\" data-id=\"209db714\" data-element_type=\"container\" data-core-v316-plus=\"true\">\n\t\t\t\t\t<div class=\"e-con-inner\">\n\t\t\t\t<div class=\"elementor-element elementor-element-4619cf0 elementor-widget elementor-widget-heading\" data-id=\"4619cf0\" data-element_type=\"widget\" data-widget_type=\"heading.default\">\n\t\t\t\t<div class=\"elementor-widget-container\">\n\t\t\t<style>\/*! elementor - v3.20.0 - 13-03-2024 *\/\n.elementor-heading-title{padding:0;margin:0;line-height:1}.elementor-widget-heading .elementor-heading-title[class*=elementor-size-]>a{color:inherit;font-size:inherit;line-height:inherit}.elementor-widget-heading .elementor-heading-title.elementor-size-small{font-size:15px}.elementor-widget-heading .elementor-heading-title.elementor-size-medium{font-size:19px}.elementor-widget-heading .elementor-heading-title.elementor-size-large{font-size:29px}.elementor-widget-heading .elementor-heading-title.elementor-size-xl{font-size:39px}.elementor-widget-heading .elementor-heading-title.elementor-size-xxl{font-size:59px}<\/style><h2 class=\"elementor-heading-title elementor-size-default\">Apie mus<\/h2>\t\t<\/div>\n\t\t\t\t<\/div>\n\t\t\t\t<div class=\"elementor-element elementor-element-51c61ab5 elementor-widget elementor-widget-text-editor\" data-id=\"51c61ab5\" data-element_type=\"widget\" data-widget_type=\"text-editor.default\">\n\t\t\t\t<div class=\"elementor-widget-container\">\n\t\t\t<style>\/*! elementor - v3.20.0 - 13-03-2024 *\/\n.elementor-widget-text-editor.elementor-drop-cap-view-stacked .elementor-drop-cap{background-color:#69727d;color:#fff}.elementor-widget-text-editor.elementor-drop-cap-view-framed .elementor-drop-cap{color:#69727d;border:3px solid;background-color:transparent}.elementor-widget-text-editor:not(.elementor-drop-cap-view-default) .elementor-drop-cap{margin-top:8px}.elementor-widget-text-editor:not(.elementor-drop-cap-view-default) .elementor-drop-cap-letter{width:1em;height:1em}.elementor-widget-text-editor .elementor-drop-cap{float:left;text-align:center;line-height:1;font-size:50px}.elementor-widget-text-editor .elementor-drop-cap-letter{display:inline-block}<\/style>\t\t\t\t<!-- wp:paragraph -->\n<p>2023 rugs\u0117jo 21 d. \u2013 oficiali Lietuvos ne\u012fgali\u0173j\u0173 fizinio aktyvumo asociacijos (LNFAA) gimimo<br \/>diena.<\/p>\n<p><br \/>2023 m. gegu\u017e\u0117s m\u0117nes\u012f netik\u0117tai pasikeitus Lietuvos \u017emoni\u0173 su negalia orientavimosi sporto ir<br \/>turizmo asociacijos (buv\u0119s LNFAA pavadinimas) pirmininkui, ilgainiui buvo nuspr\u0119sta labiau<br \/>i\u0161pl\u0117sti asociacijos veiklos krypt\u012f, tod\u0117l, vis\u0173 pirma, buvo svarbu pakeisti asociacijos pavadinim\u0105.<\/p>\n<p><br \/>Kadangi pagrindinis tikslas yra suburti didel\u0119 fizi\u0161kai aktyvi\u0173 negali\u0105 turin\u010di\u0173 asmen\u0173<br \/>bendruomen\u0119, buvo svarbu keliais \u017eod\u017eiais apibr\u0117\u017eti tai, tod\u0117l gim\u0117 \u201eLietuvos ne\u012fgali\u0173j\u0173 fizinio<br \/>akyvumo asociacija\u201d pavadinimas. U\u017e \u0161io pavadinimo bus visoms negalios r\u016b\u0161ims (fizin\u0117,<br \/>reg\u0117jimo, klausos ir intelekto negalia) draugi\u0161ka aplinka, kuri sieks nebeskirstyti pagal min\u0117tas<br \/>negalias \u017emoni\u0173, o burti visus bendroms fizinio aktyvumo veikloms ir taip skatinti visapusi\u0161kai<br \/>sveikiausi\u0105 veiklos b\u016bd\u0105 \u2013 fizin\u012f aktyvum\u0105. Be fizinio aktyvumo, LNFAA r\u016bpinasi ir kitais, asmen\u0173<br \/>su negalia integracij\u0105 \u012f visuomen\u0119 lemian\u010diais veiksniais, tokiais, kaip atstovavimu miest\u0173 bei<br \/>nacionalin\u0117se institucijose, specialist\u0173 kvalifikacijos \u012fvairiose srityse k\u0117limu, infrastrukt\u016bros<br \/>u\u017etikrinimu, asmen\u0173 su negalia problematikos tyrim\u0173 atlikimu, reguliari\u0173 ir vienkartini\u0173<br \/>fizinio aktyvumo rengini\u0173 organizavimu ir kt.<\/p>\n<p><br \/>LNFAA vienija \u017emoni\u0173 su negalia sporto klubus, kuri\u0173 nariams bus skiriamas visas d\u0117mesys ir<br \/>bus vykdomos \u012fvairios fizin\u012f aktyvum\u0105 skatinan\u010dios veiklos. Taip pat asociacija yra atvira nauj\u0173<br \/>sporto klub\u0173 prisijungimui, kurie trok\u0161ta aktyviai \u012fsilieti \u012f LNFAA veiklas bei kartu rodyti<br \/>pavyzd\u012f, koki\u0105 naud\u0105 gali duoti fizinis aktyvumas. Norintiems tapti LNFAA ar LNFAA<br \/>vienijam\u0173 sporto klub\u0173 nariais tereikia kreiptis nurodytais kontaktais.<\/p>\n<!-- \/wp:paragraph -->\t\t\t\t\t\t<\/div>\n\t\t\t\t<\/div>\n\t\t\t\t<div class=\"elementor-element elementor-element-03ff0f1 elementor-widget elementor-widget-spacer\" data-id=\"03ff0f1\" data-element_type=\"widget\" data-widget_type=\"spacer.default\">\n\t\t\t\t<div class=\"elementor-widget-container\">\n\t\t\t<style>\/*! elementor - v3.20.0 - 13-03-2024 *\/\n.elementor-column .elementor-spacer-inner{height:var(--spacer-size)}.e-con{--container-widget-width:100%}.e-con-inner>.elementor-widget-spacer,.e-con>.elementor-widget-spacer{width:var(--container-widget-width,var(--spacer-size));--align-self:var(--container-widget-align-self,initial);--flex-shrink:0}.e-con-inner>.elementor-widget-spacer>.elementor-widget-container,.e-con>.elementor-widget-spacer>.elementor-widget-container{height:100%;width:100%}.e-con-inner>.elementor-widget-spacer>.elementor-widget-container>.elementor-spacer,.e-con>.elementor-widget-spacer>.elementor-widget-container>.elementor-spacer{height:100%}.e-con-inner>.elementor-widget-spacer>.elementor-widget-container>.elementor-spacer>.elementor-spacer-inner,.e-con>.elementor-widget-spacer>.elementor-widget-container>.elementor-spacer>.elementor-spacer-inner{height:var(--container-widget-height,var(--spacer-size))}.e-con-inner>.elementor-widget-spacer.elementor-widget-empty,.e-con>.elementor-widget-spacer.elementor-widget-empty{position:relative;min-height:22px;min-width:22px}.e-con-inner>.elementor-widget-spacer.elementor-widget-empty .elementor-widget-empty-icon,.e-con>.elementor-widget-spacer.elementor-widget-empty .elementor-widget-empty-icon{position:absolute;top:0;bottom:0;left:0;right:0;margin:auto;padding:0;width:22px;height:22px}<\/style>\t\t<div class=\"elementor-spacer\">\n\t\t\t<div class=\"elementor-spacer-inner\"><\/div>\n\t\t<\/div>\n\t\t\t\t<\/div>\n\t\t\t\t<\/div>\n\t\t\t\t\t<\/div>\n\t\t\t\t<\/div>\n\t\t\t\t<\/div>\n\t\t","protected":false},"excerpt":{"rendered":"<p>Apie mus 2023 rugs\u0117jo 21 d. \u2013 oficiali Lietuvos ne\u012fgali\u0173j\u0173 fizinio aktyvumo asociacijos (LNFAA) gimimodiena. 2023 m. gegu\u017e\u0117s m\u0117nes\u012f netik\u0117tai pasikeitus Lietuvos \u017emoni\u0173 su negalia orientavimosi sporto irturizmo asociacijos (buv\u0119s LNFAA pavadinimas) pirmininkui, ilgainiui buvo nuspr\u0119sta labiaui\u0161pl\u0117sti asociacijos veiklos krypt\u012f, tod\u0117l, vis\u0173 pirma, buvo svarbu pakeisti asociacijos pavadinim\u0105. Kadangi pagrindinis tikslas yra suburti didel\u0119 fizi\u0161kai [&hellip;]<\/p>\n","protected":false},"author":2,"featured_media":0,"parent":0,"menu_order":0,"comment_status":"closed","ping_status":"closed","template":"","meta":{"footnotes":""},"_links":{"self":[{"href":"https:\/\/lnfaa.lt\/index.php\/wp-json\/wp\/v2\/pages\/48"}],"collection":[{"href":"https:\/\/lnfaa.lt\/index.php\/wp-json\/wp\/v2\/pages"}],"about":[{"href":"https:\/\/lnfaa.lt\/index.php\/wp-json\/wp\/v2\/types\/page"}],"author":[{"embeddable":true,"href":"https:\/\/lnfaa.lt\/index.php\/wp-json\/wp\/v2\/users\/2"}],"replies":[{"embeddable":true,"href":"https:\/\/lnfaa.lt\/index.php\/wp-json\/wp\/v2\/comments?post=48"}],"version-history":[{"count":18,"href":"https:\/\/lnfaa.lt\/index.php\/wp-json\/wp\/v2\/pages\/48\/revisions"}],"predecessor-version":[{"id":834,"href":"https:\/\/lnfaa.lt\/index.php\/wp-json\/wp\/v2\/pages\/48\/revisions\/834"}],"wp:attachment":[{"href":"https:\/\/lnfaa.lt\/index.php\/wp-json\/wp\/v2\/media?parent=48"}],"curies":[{"name":"wp","href":"https:\/\/api.w.org\/{rel}","templated":true}]}}