{"id":371,"date":"2024-04-08T10:12:29","date_gmt":"2024-04-08T08:12:29","guid":{"rendered":"https:\/\/lnfaa.lt\/?page_id=371"},"modified":"2026-02-05T15:17:45","modified_gmt":"2026-02-05T13:17:45","slug":"igyvendinami-projektai","status":"publish","type":"page","link":"https:\/\/lnfaa.lt\/index.php\/igyvendinami-projektai\/","title":{"rendered":"\u012egyvendinami Projektai"},"content":{"rendered":"\t\t<div data-elementor-type=\"wp-page\" data-elementor-id=\"371\" class=\"elementor elementor-371\">\n\t\t\t\t<div class=\"elementor-element elementor-element-aea1944 e-flex e-con-boxed e-con e-parent\" data-id=\"aea1944\" data-element_type=\"container\" data-core-v316-plus=\"true\">\n\t\t\t\t\t<div class=\"e-con-inner\">\n\t\t\t\t<div class=\"elementor-element elementor-element-0e21e0e elementor-widget elementor-widget-heading\" data-id=\"0e21e0e\" data-element_type=\"widget\" data-widget_type=\"heading.default\">\n\t\t\t\t<div class=\"elementor-widget-container\">\n\t\t\t<style>\/*! elementor - v3.20.0 - 13-03-2024 *\/\n.elementor-heading-title{padding:0;margin:0;line-height:1}.elementor-widget-heading .elementor-heading-title[class*=elementor-size-]>a{color:inherit;font-size:inherit;line-height:inherit}.elementor-widget-heading .elementor-heading-title.elementor-size-small{font-size:15px}.elementor-widget-heading .elementor-heading-title.elementor-size-medium{font-size:19px}.elementor-widget-heading .elementor-heading-title.elementor-size-large{font-size:29px}.elementor-widget-heading .elementor-heading-title.elementor-size-xl{font-size:39px}.elementor-widget-heading .elementor-heading-title.elementor-size-xxl{font-size:59px}<\/style><h2 class=\"elementor-heading-title elementor-size-default\">\u012egyvendinami Projektai<\/h2>\t\t<\/div>\n\t\t\t\t<\/div>\n\t\t\t\t\t<\/div>\n\t\t\t\t<\/div>\n\t\t<div class=\"elementor-element elementor-element-ab6d98c e-flex e-con-boxed e-con e-parent\" data-id=\"ab6d98c\" data-element_type=\"container\" data-core-v316-plus=\"true\">\n\t\t\t\t\t<div class=\"e-con-inner\">\n\t\t\t\t<div class=\"elementor-element elementor-element-dd5fd1e elementor-widget elementor-widget-elementskit-accordion\" data-id=\"dd5fd1e\" data-element_type=\"widget\" data-widget_type=\"elementskit-accordion.default\">\n\t\t\t\t<div class=\"elementor-widget-container\">\n\t\t\t<div class=\"ekit-wid-con\" >\n        <div class=\"elementskit-accordion accoedion-primary\" id=\"accordion-69e20ce1d7ff9\">\n\n            \n                <div class=\"elementskit-card active\">\n                    <div class=\"elementskit-card-header\" id=\"primaryHeading-0-dd5fd1e\">\n                        <a href=\"#collapse-6aa78eb69e20ce1d7ff9\" class=\"ekit-accordion--toggler elementskit-btn-link collapsed\" data-ekit-toggle=\"collapse\" data-target=\"#Collapse-6aa78eb69e20ce1d7ff9\" aria-expanded=\"true\" aria-controls=\"Collapse-6aa78eb69e20ce1d7ff9\">\n                            \n                            <span class=\"ekit-accordion-title\">Prasideda Vilniaus miesto savivaldyb\u0117s finansuojamas projektas \u201eAsmen\u0173 su negalia komandini\u0173 sporto \u0161ak\u0173 populiarinimas Vilniuje\u201c.<\/span>\n\n                            \n                                <div class=\"ekit_accordion_icon_group\">\n                                    <div class=\"ekit_accordion_normal_icon\">\n                                        <!-- Normal Icon -->\n                                        <i aria-hidden=\"true\" class=\"icon-open icon-right icon icon-down-arrow1\"><\/i>                                    <\/div>\n\n                                    <div class=\"ekit_accordion_active_icon\">\n                                        <!-- Active Icon -->\n                                        <i aria-hidden=\"true\" class=\"icon-closed icon-right icon icon-up-arrow\"><\/i>                                    <\/div>\n\n                                <\/div>\n\n                            \n                                                    <\/a>\n                    <\/div>\n\n                    <div id=\"Collapse-6aa78eb69e20ce1d7ff9\" class=\" show collapse\" aria-labelledby=\"primaryHeading-0-dd5fd1e\" data-parent=\"#accordion-69e20ce1d7ff9\">\n\n                        <div class=\"elementskit-card-body ekit-accordion--content\">\n                            <p><img fetchpriority=\"high\" decoding=\"async\" class=\"alignnone wp-image-1378 size-medium\" src=\"https:\/\/lnfaa.lt\/wp-content\/uploads\/2026\/02\/VILNIUS_BLACK__TRANSPARENT_RGB-300x251.png\" alt=\"\" width=\"300\" height=\"251\" \/><\/p><p>Lietuvos ne\u012fgali\u0173j\u0173 fizinio aktyvumo asociacija (toliau \u2013 LNFAA) prad\u0117jo vykdyti projekt\u0105 \u201eAsmen\u0173 su negalia komandini\u0173 sporto \u0161ak\u0173 populiarinimas Vilniuje\u201c.<\/p><p>Projekto tikslas \u2013 skatinti asmen\u0173 su negalia fizinio aktyvumo pl\u0117tr\u0105 Vilniaus mieste, tikslin\u0117s grup\u0117s narius \u012ftraukiant \u012f komandines sporto \u0161akas, kurios prisideda prie asmenini\u0173 savybi\u0173 lavinimo, bendradarbiavimo, pasitik\u0117jimo savimi ir aktyvaus gyvenimo b\u016bdo formavimo.<\/p><p>Vykdomos projekto veiklos:<\/p><ul><li>reguliarios krep\u0161inio ve\u017eim\u0117liuose treniruot\u0117s;<\/li><li>reguliarios rankinio ve\u017eim\u0117liuose treniruot\u0117s.<\/li><\/ul><p>\u00a0<\/p><p>Bendra projekto vert\u0117: 9522 Eur<\/p>                        <\/div>\n\n                    <\/div>\n\n                <\/div><!-- .elementskit-card END -->\n\n                        <\/div>\n    <\/div>\t\t<\/div>\n\t\t\t\t<\/div>\n\t\t\t\t<div class=\"elementor-element elementor-element-3dbeab1 elementor-widget elementor-widget-elementskit-accordion\" data-id=\"3dbeab1\" data-element_type=\"widget\" data-widget_type=\"elementskit-accordion.default\">\n\t\t\t\t<div class=\"elementor-widget-container\">\n\t\t\t<div class=\"ekit-wid-con\" >\n        <div class=\"elementskit-accordion accoedion-primary\" id=\"accordion-69e20ce1d8a73\">\n\n            \n                <div class=\"elementskit-card active\">\n                    <div class=\"elementskit-card-header\" id=\"primaryHeading-0-3dbeab1\">\n                        <a href=\"#collapse-6aa78eb69e20ce1d8a73\" class=\"ekit-accordion--toggler elementskit-btn-link collapsed\" data-ekit-toggle=\"collapse\" data-target=\"#Collapse-6aa78eb69e20ce1d8a73\" aria-expanded=\"true\" aria-controls=\"Collapse-6aa78eb69e20ce1d8a73\">\n                            \n                            <span class=\"ekit-accordion-title\">Prasideda Asmens su negalia teisi\u0173 apsaugos agent\u016bros prie LR Socialin\u0117s apsaugos ir darbo ministerijos finansuojamas projektas \u201eAsmenys su negalia be socialin\u0117s atskirties\u201d <\/span>\n\n                            \n                                <div class=\"ekit_accordion_icon_group\">\n                                    <div class=\"ekit_accordion_normal_icon\">\n                                        <!-- Normal Icon -->\n                                        <i aria-hidden=\"true\" class=\"icon-open icon-right icon icon-down-arrow1\"><\/i>                                    <\/div>\n\n                                    <div class=\"ekit_accordion_active_icon\">\n                                        <!-- Active Icon -->\n                                        <i aria-hidden=\"true\" class=\"icon-closed icon-right icon icon-up-arrow\"><\/i>                                    <\/div>\n\n                                <\/div>\n\n                            \n                                                    <\/a>\n                    <\/div>\n\n                    <div id=\"Collapse-6aa78eb69e20ce1d8a73\" class=\" show collapse\" aria-labelledby=\"primaryHeading-0-3dbeab1\" data-parent=\"#accordion-69e20ce1d8a73\">\n\n                        <div class=\"elementskit-card-body ekit-accordion--content\">\n                            <p><img decoding=\"async\" class=\"alignnone wp-image-1306 size-medium\" src=\"https:\/\/lnfaa.lt\/wp-content\/uploads\/2025\/10\/sharing-300x200.png\" alt=\"\" width=\"300\" height=\"200\" srcset=\"https:\/\/lnfaa.lt\/wp-content\/uploads\/2025\/10\/sharing-300x200.png 300w, https:\/\/lnfaa.lt\/wp-content\/uploads\/2025\/10\/sharing-391x260.png 391w, https:\/\/lnfaa.lt\/wp-content\/uploads\/2025\/10\/sharing.png 720w\" sizes=\"(max-width: 300px) 100vw, 300px\" \/><\/p><p>Lietuvos ne\u012fgali\u0173j\u0173 fizinio aktyvumo asociacija (toliau \u2013 LNFAA) prad\u0117jo vykdyti projekt\u0105 \u201eAsmenys su negalia be socialin\u0117s atskirties\u201c.<\/p><p>Projekto tikslas \u2013 intensyviai prisid\u0117ti prie Asociacijos vienijam\u0173 asmen\u0173 su negalia visapusi\u0161ko ir lygiateisio naudojimosi visomis \u017emogaus teis\u0117mis ir pagrindin\u0117mis laisv\u0117mis u\u017etikrinimo, stiprinant j\u0173 socialin\u0119 \u012ftraukt\u012f, savaranki\u0161kum\u0105 ir aktyv\u0173 dalyvavim\u0105 visuomen\u0117s gyvenime.<\/p><p>Vykdomos projekto veiklos:<\/p><ul><li>atliekamas nacionalinis tyrimas, kurio rezultatas \u2013 asmen\u0173 su negalia tvarios \u012ftraukties \u012f fizin\u012f aktyvum\u0105 ir laisvalaikio u\u017eimtum\u0105 modelio suk\u016brimas;<\/li><li>organizuojama konferencija, skirta apibendrinti, ap\u017evelgti ir konkretizuoti tyrimo rezultatus bei pristatyti sukurto modelio strukt\u016br\u0105;<\/li><li>organizuojamas seminaras \u201eSmurtas prie\u0161 asmenis su negalia: kaip su tuo susidoroti?\u201c;<\/li><li>kuriami \u0161vie\u010diamieji vaizdo filmukai apie \u012ftraukiojo ugdymo galimybes Lietuvos ugdymo \u012fstaigose;<\/li><li>organizuojamos dvi savaranki\u0161ko gyvenimo \u012fg\u016bd\u017ei\u0173 ugdymo stovyklos;<\/li><li>organizuojama viena aktyvaus poilsio stovykla.<\/li><\/ul><p>\u00a0<\/p><p>Bendra projekto vert\u0117: 33 694 Eur<\/p>                        <\/div>\n\n                    <\/div>\n\n                <\/div><!-- .elementskit-card END -->\n\n                        <\/div>\n    <\/div>\t\t<\/div>\n\t\t\t\t<\/div>\n\t\t\t\t\t<\/div>\n\t\t\t\t<\/div>\n\t\t\t\t<\/div>\n\t\t","protected":false},"excerpt":{"rendered":"<p>\u012egyvendinami Projektai Prasideda Vilniaus miesto savivaldyb\u0117s finansuojamas projektas \u201eAsmen\u0173 su negalia komandini\u0173 sporto \u0161ak\u0173 populiarinimas Vilniuje\u201c. Lietuvos ne\u012fgali\u0173j\u0173 fizinio aktyvumo asociacija (toliau \u2013 LNFAA) prad\u0117jo vykdyti projekt\u0105 \u201eAsmen\u0173 su negalia komandini\u0173 sporto \u0161ak\u0173 populiarinimas Vilniuje\u201c. Projekto tikslas \u2013 skatinti asmen\u0173 su negalia fizinio aktyvumo pl\u0117tr\u0105 Vilniaus mieste, tikslin\u0117s grup\u0117s narius \u012ftraukiant \u012f komandines sporto \u0161akas, [&hellip;]<\/p>\n","protected":false},"author":1,"featured_media":0,"parent":0,"menu_order":0,"comment_status":"closed","ping_status":"closed","template":"","meta":{"footnotes":""},"_links":{"self":[{"href":"https:\/\/lnfaa.lt\/index.php\/wp-json\/wp\/v2\/pages\/371"}],"collection":[{"href":"https:\/\/lnfaa.lt\/index.php\/wp-json\/wp\/v2\/pages"}],"about":[{"href":"https:\/\/lnfaa.lt\/index.php\/wp-json\/wp\/v2\/types\/page"}],"author":[{"embeddable":true,"href":"https:\/\/lnfaa.lt\/index.php\/wp-json\/wp\/v2\/users\/1"}],"replies":[{"embeddable":true,"href":"https:\/\/lnfaa.lt\/index.php\/wp-json\/wp\/v2\/comments?post=371"}],"version-history":[{"count":49,"href":"https:\/\/lnfaa.lt\/index.php\/wp-json\/wp\/v2\/pages\/371\/revisions"}],"predecessor-version":[{"id":1385,"href":"https:\/\/lnfaa.lt\/index.php\/wp-json\/wp\/v2\/pages\/371\/revisions\/1385"}],"wp:attachment":[{"href":"https:\/\/lnfaa.lt\/index.php\/wp-json\/wp\/v2\/media?parent=371"}],"curies":[{"name":"wp","href":"https:\/\/api.w.org\/{rel}","templated":true}]}}