{"id":357,"date":"2024-04-08T09:46:24","date_gmt":"2024-04-08T07:46:24","guid":{"rendered":"https:\/\/lnfaa.lt\/?page_id=357"},"modified":"2025-05-11T18:36:12","modified_gmt":"2025-05-11T16:36:12","slug":"lnfaa-posedziu-protokolai","status":"publish","type":"page","link":"https:\/\/lnfaa.lt\/index.php\/lnfaa-posedziu-protokolai\/","title":{"rendered":"LNFAA Pos\u0117d\u017ei\u0173 Protokolai"},"content":{"rendered":"\t\t<div data-elementor-type=\"wp-page\" data-elementor-id=\"357\" class=\"elementor elementor-357\">\n\t\t\t\t<div class=\"elementor-element elementor-element-6e53542 e-flex e-con-boxed e-con e-parent\" data-id=\"6e53542\" data-element_type=\"container\" data-core-v316-plus=\"true\">\n\t\t\t\t\t<div class=\"e-con-inner\">\n\t\t\t\t<div class=\"elementor-element elementor-element-e7e14f1 elementor-widget elementor-widget-heading\" data-id=\"e7e14f1\" data-element_type=\"widget\" data-widget_type=\"heading.default\">\n\t\t\t\t<div class=\"elementor-widget-container\">\n\t\t\t<style>\/*! elementor - v3.20.0 - 13-03-2024 *\/\n.elementor-heading-title{padding:0;margin:0;line-height:1}.elementor-widget-heading .elementor-heading-title[class*=elementor-size-]>a{color:inherit;font-size:inherit;line-height:inherit}.elementor-widget-heading .elementor-heading-title.elementor-size-small{font-size:15px}.elementor-widget-heading .elementor-heading-title.elementor-size-medium{font-size:19px}.elementor-widget-heading .elementor-heading-title.elementor-size-large{font-size:29px}.elementor-widget-heading .elementor-heading-title.elementor-size-xl{font-size:39px}.elementor-widget-heading .elementor-heading-title.elementor-size-xxl{font-size:59px}<\/style><h2 class=\"elementor-heading-title elementor-size-default\">Dokumentai<\/h2>\t\t<\/div>\n\t\t\t\t<\/div>\n\t\t\t\t\t<\/div>\n\t\t\t\t<\/div>\n\t\t<div class=\"elementor-element elementor-element-ea3a772 e-flex e-con-boxed e-con e-parent\" data-id=\"ea3a772\" data-element_type=\"container\" data-settings=\"{&quot;background_background&quot;:&quot;classic&quot;}\" data-core-v316-plus=\"true\">\n\t\t\t\t\t<div class=\"e-con-inner\">\n\t\t<div class=\"elementor-element elementor-element-4757dc6 e-con-full e-flex e-con e-child\" data-id=\"4757dc6\" data-element_type=\"container\">\n\t\t\t\t<div class=\"elementor-element elementor-element-f9e9aa5 elementor-widget elementor-widget-heading\" data-id=\"f9e9aa5\" data-element_type=\"widget\" data-widget_type=\"heading.default\">\n\t\t\t\t<div class=\"elementor-widget-container\">\n\t\t\t<h2 class=\"elementor-heading-title elementor-size-default\">Tarybos pos\u0117d\u017ei\u0173 protokolai<\/h2>\t\t<\/div>\n\t\t\t\t<\/div>\n\t\t\t\t<div class=\"elementor-element elementor-element-513e0e7 elementor-widget elementor-widget-wpdmpackages\" data-id=\"513e0e7\" data-element_type=\"widget\" data-widget_type=\"wpdmpackages.default\">\n\t\t\t\t<div class=\"elementor-widget-container\">\n\t\t\t<div class='w3eden'>\n    <div class=''>\n\n        <form method=\"get\" class=\"__wpdm_submit_async\" data-container=\"#content_wpdm_package_1\" id=\"sc_form_wpdm_package_1\" style=\"margin-bottom: 15px\">\n    \n            <div class=\"card panel panel-default wpdm-shortcode-toolbar\">\n                <div class=\"card-body panel-body\">\n                    <div class=\"row\">\n                        <div class=\"col-lg-6 col-md-12\">\n                            <input type=\"search\" name=\"skw\" value=\"\" placeholder=\"Search Keyword...\" class=\"form-control\" \/>\n                        <\/div>\n                        <div class=\"col-lg-2 col-md-4\">\n                            <select name=\"orderby\" class=\"wpdm-custom-select custom-select\">\n                                <option value=\"date\" disabled=\"disabled\">Order By:<\/option>\n                                <option value=\"date\" >Publish Date<\/option>\n                                <option value=\"title\" >Title<\/option>\n                                <option value=\"update_date\" >Update Date<\/option>\n                                <option value=\"downloads\" >Downloads<\/option>\n                                <option value=\"views\" >Views<\/option>\n                            <\/select>\n                        <\/div>\n                        <div class=\"col-lg-2 col-md-4\">\n                            <select name=\"order\" class=\"wpdm-custom-select custom-select\">\n                                <option value=\"desc\" disabled=\"disabled\">Order:<\/option>\n                                <option value=\"desc\" >Descending<\/option>\n                                <option value=\"asc\" >Ascending<\/option>\n                            <\/select>\n                        <\/div>\n                        <div class=\"col-lg-2 col-md-4\">\n                            <button type=\"submit\" class=\"btn btn-secondary btn-block\">Apply Filter<\/button>\n                        <\/div>\n                    <\/div>\n                <\/div>\n            <\/div>\n\n            <\/form>\n<div class=\"spacer mb-3 d-block clearfix\"><\/div>\n\n        <div id=\"content_wpdm_package_1\">\n            <div class='row'><div class='col-lg-3 col-md-6 col-12'><!-- WPDM Link Template: Panel -->\n\n<div class=\"card\">\n    <div class=\"card-body\">\n        <div class=\"media\">\n            <a class=\"mr-3 img-48\" href=\"https:\/\/lnfaa.lt\/index.php\/download\/lnfaa-tarybos-posedzio-10-15-protokolas\/\">\n                \n            <\/a>\n            <div class=\"media-body\">\n                <h3 class=\"media-heading p-0 m-0\"><a href='https:\/\/lnfaa.lt\/index.php\/download\/lnfaa-tarybos-posedzio-10-15-protokolas\/'>LNFAA-Tarybos-posedzio-10.15-protokolas<\/a><\/h3>\n                <div class=\"meta text-white-50 text-small mt-1\"><i class=\"fas fa-hdd text-white-50\"><\/i> 333.10 KB <i class=\"ml-2 far fa-arrow-alt-circle-down text-white-50\"><\/i> 4 Downloads<\/div>\n            <\/div>\n        <\/div>\n    <\/div>\n    <div class=\"card-footer\"><div class=\"row\"><div style=\"line-height: 30px;\" class=\"col-6\"><i class=\"far fa-calendar\"><\/i> 17 spalio, 2024 <span class=\"wpdm_hide wpdm_remove_empty\"><i class=\"fas fa-code-branch ml-2\"><\/i> <\/span><\/div><div class=\"col-6 text-right align-right\"><a class='wpdm-download-link download-on-click btn btn-primary ' rel='nofollow' href='#' data-downloadurl=\"https:\/\/lnfaa.lt\/index.php\/download\/lnfaa-tarybos-posedzio-10-15-protokolas\/?wpdmdl=801&refresh=69e20b54deab61776421716\">Download<\/a><\/div><div style=\"clear: both\"><\/div><\/div><\/div>\n<\/div>\n<\/div><div class='col-lg-3 col-md-6 col-12'><!-- WPDM Link Template: Panel -->\n\n<div class=\"card\">\n    <div class=\"card-body\">\n        <div class=\"media\">\n            <a class=\"mr-3 img-48\" href=\"https:\/\/lnfaa.lt\/index.php\/download\/lnfaa-tarybos-posedzio-03-19-protokolas\/\">\n                \n            <\/a>\n            <div class=\"media-body\">\n                <h3 class=\"media-heading p-0 m-0\"><a href='https:\/\/lnfaa.lt\/index.php\/download\/lnfaa-tarybos-posedzio-03-19-protokolas\/'>LNFAA Tarybos pose\u0307dz\u030cio 03.19 protokolas<\/a><\/h3>\n                <div class=\"meta text-white-50 text-small mt-1\"><i class=\"fas fa-hdd text-white-50\"><\/i> 219 KB <i class=\"ml-2 far fa-arrow-alt-circle-down text-white-50\"><\/i> 4 Downloads<\/div>\n            <\/div>\n        <\/div>\n    <\/div>\n    <div class=\"card-footer\"><div class=\"row\"><div style=\"line-height: 30px;\" class=\"col-6\"><i class=\"far fa-calendar\"><\/i> 24 baland\u017eio, 2024 <span class=\"wpdm_hide wpdm_remove_empty\"><i class=\"fas fa-code-branch ml-2\"><\/i> <\/span><\/div><div class=\"col-6 text-right align-right\"><a class='wpdm-download-link download-on-click btn btn-primary ' rel='nofollow' href='#' data-downloadurl=\"https:\/\/lnfaa.lt\/index.php\/download\/lnfaa-tarybos-posedzio-03-19-protokolas\/?wpdmdl=433&refresh=69e20b54dfe811776421716\">Download<\/a><\/div><div style=\"clear: both\"><\/div><\/div><\/div>\n<\/div>\n<\/div><div class='col-lg-3 col-md-6 col-12'><!-- WPDM Link Template: Panel -->\n\n<div class=\"card\">\n    <div class=\"card-body\">\n        <div class=\"media\">\n            <a class=\"mr-3 img-48\" href=\"https:\/\/lnfaa.lt\/index.php\/download\/tarybos-posedzio-protokolas-10-30\/\">\n                \n            <\/a>\n            <div class=\"media-body\">\n                <h3 class=\"media-heading p-0 m-0\"><a href='https:\/\/lnfaa.lt\/index.php\/download\/tarybos-posedzio-protokolas-10-30\/'>Tarybos pos\u0117d\u017eio protokolas 10.30<\/a><\/h3>\n                <div class=\"meta text-white-50 text-small mt-1\"><i class=\"fas fa-hdd text-white-50\"><\/i> 275.60 KB <i class=\"ml-2 far fa-arrow-alt-circle-down text-white-50\"><\/i> 4 Downloads<\/div>\n            <\/div>\n        <\/div>\n    <\/div>\n    <div class=\"card-footer\"><div class=\"row\"><div style=\"line-height: 30px;\" class=\"col-6\"><i class=\"far fa-calendar\"><\/i> 15 kovo, 2024 <span class=\"wpdm_hide wpdm_remove_empty\"><i class=\"fas fa-code-branch ml-2\"><\/i> <\/span><\/div><div class=\"col-6 text-right align-right\"><a class='wpdm-download-link download-on-click btn btn-primary ' rel='nofollow' href='#' data-downloadurl=\"https:\/\/lnfaa.lt\/index.php\/download\/tarybos-posedzio-protokolas-10-30\/?wpdmdl=247&refresh=69e20b54e0b5e1776421716\">Download<\/a><\/div><div style=\"clear: both\"><\/div><\/div><\/div>\n<\/div>\n<\/div><\/div>                    <\/div>\n\n        <div style='clear:both'><\/div>\n    <\/div>\n<\/div>\n\t\t<\/div>\n\t\t\t\t<\/div>\n\t\t\t\t<div class=\"elementor-element elementor-element-a718281 elementor-widget elementor-widget-spacer\" data-id=\"a718281\" data-element_type=\"widget\" data-widget_type=\"spacer.default\">\n\t\t\t\t<div class=\"elementor-widget-container\">\n\t\t\t<style>\/*! elementor - v3.20.0 - 13-03-2024 *\/\n.elementor-column .elementor-spacer-inner{height:var(--spacer-size)}.e-con{--container-widget-width:100%}.e-con-inner>.elementor-widget-spacer,.e-con>.elementor-widget-spacer{width:var(--container-widget-width,var(--spacer-size));--align-self:var(--container-widget-align-self,initial);--flex-shrink:0}.e-con-inner>.elementor-widget-spacer>.elementor-widget-container,.e-con>.elementor-widget-spacer>.elementor-widget-container{height:100%;width:100%}.e-con-inner>.elementor-widget-spacer>.elementor-widget-container>.elementor-spacer,.e-con>.elementor-widget-spacer>.elementor-widget-container>.elementor-spacer{height:100%}.e-con-inner>.elementor-widget-spacer>.elementor-widget-container>.elementor-spacer>.elementor-spacer-inner,.e-con>.elementor-widget-spacer>.elementor-widget-container>.elementor-spacer>.elementor-spacer-inner{height:var(--container-widget-height,var(--spacer-size))}.e-con-inner>.elementor-widget-spacer.elementor-widget-empty,.e-con>.elementor-widget-spacer.elementor-widget-empty{position:relative;min-height:22px;min-width:22px}.e-con-inner>.elementor-widget-spacer.elementor-widget-empty .elementor-widget-empty-icon,.e-con>.elementor-widget-spacer.elementor-widget-empty .elementor-widget-empty-icon{position:absolute;top:0;bottom:0;left:0;right:0;margin:auto;padding:0;width:22px;height:22px}<\/style>\t\t<div class=\"elementor-spacer\">\n\t\t\t<div class=\"elementor-spacer-inner\"><\/div>\n\t\t<\/div>\n\t\t\t\t<\/div>\n\t\t\t\t<\/div>\n\t\t\t\t<\/div>\n\t\t\t\t\t<\/div>\n\t\t\t\t<\/div>\n\t\t\t\t<\/div>\n\t\t","protected":false},"excerpt":{"rendered":"<p>Dokumentai Tarybos pos\u0117d\u017ei\u0173 protokolai Order By:Publish DateTitleUpdate DateDownloadsViews Order:DescendingAscending Apply Filter LNFAA-Tarybos-posedzio-10.15-protokolas 333.10 KB 0 Downloads 17 spalio, 2024 Download LNFAA Tarybos pose\u0307dz\u030cio 03.19 protokolas 219 KB 2 Downloads 24 baland\u017eio, 2024 Download Tarybos pos\u0117d\u017eio protokolas 10.30 275.60 KB 1 Downloads 15 kovo, 2024 Download<\/p>\n","protected":false},"author":1,"featured_media":0,"parent":0,"menu_order":0,"comment_status":"closed","ping_status":"closed","template":"","meta":{"footnotes":""},"_links":{"self":[{"href":"https:\/\/lnfaa.lt\/index.php\/wp-json\/wp\/v2\/pages\/357"}],"collection":[{"href":"https:\/\/lnfaa.lt\/index.php\/wp-json\/wp\/v2\/pages"}],"about":[{"href":"https:\/\/lnfaa.lt\/index.php\/wp-json\/wp\/v2\/types\/page"}],"author":[{"embeddable":true,"href":"https:\/\/lnfaa.lt\/index.php\/wp-json\/wp\/v2\/users\/1"}],"replies":[{"embeddable":true,"href":"https:\/\/lnfaa.lt\/index.php\/wp-json\/wp\/v2\/comments?post=357"}],"version-history":[{"count":8,"href":"https:\/\/lnfaa.lt\/index.php\/wp-json\/wp\/v2\/pages\/357\/revisions"}],"predecessor-version":[{"id":1045,"href":"https:\/\/lnfaa.lt\/index.php\/wp-json\/wp\/v2\/pages\/357\/revisions\/1045"}],"wp:attachment":[{"href":"https:\/\/lnfaa.lt\/index.php\/wp-json\/wp\/v2\/media?parent=357"}],"curies":[{"name":"wp","href":"https:\/\/api.w.org\/{rel}","templated":true}]}}