{"id":32,"date":"2023-10-23T21:27:04","date_gmt":"2023-10-23T21:27:04","guid":{"rendered":"https:\/\/lnfaa.lt\/?page_id=32"},"modified":"2025-03-03T01:35:02","modified_gmt":"2025-03-02T23:35:02","slug":"naujienos","status":"publish","type":"page","link":"https:\/\/lnfaa.lt\/index.php\/naujienos\/","title":{"rendered":"NAUJIENOS"},"content":{"rendered":"\t\t<div data-elementor-type=\"wp-page\" data-elementor-id=\"32\" class=\"elementor elementor-32\">\n\t\t\t\t<div class=\"elementor-element elementor-element-74ea0836 e-flex e-con-boxed e-con e-parent\" data-id=\"74ea0836\" data-element_type=\"container\" data-core-v316-plus=\"true\">\n\t\t\t\t\t<div class=\"e-con-inner\">\n\t\t\t\t<div class=\"elementor-element elementor-element-fe398ce elementor-widget elementor-widget-heading\" data-id=\"fe398ce\" data-element_type=\"widget\" data-widget_type=\"heading.default\">\n\t\t\t\t<div class=\"elementor-widget-container\">\n\t\t\t<style>\/*! elementor - v3.20.0 - 13-03-2024 *\/\n.elementor-heading-title{padding:0;margin:0;line-height:1}.elementor-widget-heading .elementor-heading-title[class*=elementor-size-]>a{color:inherit;font-size:inherit;line-height:inherit}.elementor-widget-heading .elementor-heading-title.elementor-size-small{font-size:15px}.elementor-widget-heading .elementor-heading-title.elementor-size-medium{font-size:19px}.elementor-widget-heading .elementor-heading-title.elementor-size-large{font-size:29px}.elementor-widget-heading .elementor-heading-title.elementor-size-xl{font-size:39px}.elementor-widget-heading .elementor-heading-title.elementor-size-xxl{font-size:59px}<\/style><h2 class=\"elementor-heading-title elementor-size-default\">Naujienos<\/h2>\t\t<\/div>\n\t\t\t\t<\/div>\n\t\t\t\t<div class=\"elementor-element elementor-element-b471296 elementor-grid-eael-col-4 elementor-grid-tablet-eael-col-2 elementor-grid-mobile-eael-col-1 elementor-widget elementor-widget-eael-post-grid\" data-id=\"b471296\" data-element_type=\"widget\" data-settings=\"{&quot;eael_post_grid_columns&quot;:&quot;eael-col-4&quot;,&quot;eael_post_grid_columns_tablet&quot;:&quot;eael-col-2&quot;,&quot;eael_post_grid_columns_mobile&quot;:&quot;eael-col-1&quot;}\" data-widget_type=\"eael-post-grid.default\">\n\t\t\t\t<div class=\"elementor-widget-container\">\n\t\t\t<div id=\"eael-post-grid-b471296\" class=\"eael-post-grid-container\">\n            <div class=\"eael-post-grid eael-post-appender eael-post-appender-b471296 eael-post-grid-style-default\" data-layout-mode=\"masonry\"><article class=\"eael-grid-post eael-post-grid-column\" data-id=\"1415\">\n        <div class=\"eael-grid-post-holder\">\n            <div class=\"eael-grid-post-holder-inner\"><div class=\"eael-entry-media\"><div class=\"eael-entry-overlay fade-in\"><i class=\"fas fa-long-arrow-alt-right\" aria-hidden=\"true\"><\/i><a href=\"https:\/\/lnfaa.lt\/index.php\/2026\/04\/03\/kartu-galime-daugiau\/\"><\/a><\/div><div class=\"eael-entry-thumbnail \">\n                <img fetchpriority=\"high\" decoding=\"async\" width=\"800\" height=\"530\" src=\"https:\/\/lnfaa.lt\/wp-content\/uploads\/2026\/04\/Screenshot-2026-04-03-at-14.16.50-1024x678.png\" class=\"attachment-large size-large wp-image-1420\" alt=\"\" srcset=\"https:\/\/lnfaa.lt\/wp-content\/uploads\/2026\/04\/Screenshot-2026-04-03-at-14.16.50-1024x678.png 1024w, https:\/\/lnfaa.lt\/wp-content\/uploads\/2026\/04\/Screenshot-2026-04-03-at-14.16.50-300x199.png 300w, https:\/\/lnfaa.lt\/wp-content\/uploads\/2026\/04\/Screenshot-2026-04-03-at-14.16.50-768x508.png 768w, https:\/\/lnfaa.lt\/wp-content\/uploads\/2026\/04\/Screenshot-2026-04-03-at-14.16.50-391x260.png 391w, https:\/\/lnfaa.lt\/wp-content\/uploads\/2026\/04\/Screenshot-2026-04-03-at-14.16.50.png 1532w\" sizes=\"(max-width: 800px) 100vw, 800px\" \/>\n            <\/div>\n        <\/div><div class=\"eael-entry-wrapper\"><header class=\"eael-entry-header\"><h2 class=\"eael-entry-title\"><a\n                        class=\"eael-grid-post-link\"\n                        href=\"https:\/\/lnfaa.lt\/index.php\/2026\/04\/03\/kartu-galime-daugiau\/\"\n                        title=\"Kartu galime daugiau! Skirk 1,2 % savo pajam\u0173 mokes\u010dio\">Kartu galime daugiau! Skirk 1,2 % savo pajam\u0173 mokes\u010dio<\/a><\/h2><\/header><div class=\"eael-entry-content\">\n                        <div class=\"eael-grid-post-excerpt\"><p>Ar \u017einojai, kad tavo 1,2 % pajam\u0173 mokes\u010dio gali tapti raktu \u012f dideles pergales? Lietuvos asmen\u0173 su negalia rankinio rinktin\u0117 siekia dalyvauti Pasaulio \u010dempionate ir...<\/p><a\n                            href=\"https:\/\/lnfaa.lt\/index.php\/2026\/04\/03\/kartu-galime-daugiau\/\"\n                            class=\"eael-post-elements-readmore-btn\">Skaityti daugiau<\/a><\/div>\n                    <\/div><\/div><\/div>\n        <\/div>\n    <\/article><article class=\"eael-grid-post eael-post-grid-column\" data-id=\"1362\">\n        <div class=\"eael-grid-post-holder\">\n            <div class=\"eael-grid-post-holder-inner\"><div class=\"eael-entry-media\"><div class=\"eael-entry-overlay fade-in\"><i class=\"fas fa-long-arrow-alt-right\" aria-hidden=\"true\"><\/i><a href=\"https:\/\/lnfaa.lt\/index.php\/2026\/02\/05\/lietuvos-neigaliuju-fizinio-aktyvumo-asociacija-partnere-projekte-tvari-ateitis-ekologija-verslumas-fizinis-aktyvumas-ir-itrauktis-anyksciuose\/\"><\/a><\/div><div class=\"eael-entry-thumbnail \">\n                <img decoding=\"async\" width=\"800\" height=\"671\" src=\"https:\/\/lnfaa.lt\/wp-content\/uploads\/2026\/02\/Tvarumo-projektas-1-postas.png\" class=\"attachment-large size-large wp-image-1363\" alt=\"\" srcset=\"https:\/\/lnfaa.lt\/wp-content\/uploads\/2026\/02\/Tvarumo-projektas-1-postas.png 940w, https:\/\/lnfaa.lt\/wp-content\/uploads\/2026\/02\/Tvarumo-projektas-1-postas-300x251.png 300w, https:\/\/lnfaa.lt\/wp-content\/uploads\/2026\/02\/Tvarumo-projektas-1-postas-768x644.png 768w\" sizes=\"(max-width: 800px) 100vw, 800px\" \/>\n            <\/div>\n        <\/div><div class=\"eael-entry-wrapper\"><header class=\"eael-entry-header\"><h2 class=\"eael-entry-title\"><a\n                        class=\"eael-grid-post-link\"\n                        href=\"https:\/\/lnfaa.lt\/index.php\/2026\/02\/05\/lietuvos-neigaliuju-fizinio-aktyvumo-asociacija-partnere-projekte-tvari-ateitis-ekologija-verslumas-fizinis-aktyvumas-ir-itrauktis-anyksciuose\/\"\n                        title=\"Lietuvos ne\u012fgali\u0173j\u0173 fizinio aktyvumo asociacija \u2013 partner\u0117 projekte \u201eTvari ateitis: ekologija, verslumas, fizinis aktyvumas ir \u012ftrauktis Anyk\u0161\u010diuose\u201c\">Lietuvos ne\u012fgali\u0173j\u0173 fizinio aktyvumo asociacija \u2013 partner\u0117 projekte \u201eTvari ateitis: ekologija, verslumas, fizinis aktyvumas ir \u012ftrauktis Anyk\u0161\u010diuose\u201c<\/a><\/h2><\/header><div class=\"eael-entry-content\">\n                        <div class=\"eael-grid-post-excerpt\"><p>Lietuvos ne\u012fgali\u0173j\u0173 fizinio aktyvumo asociacija tapo partnere Anyk\u0161\u010di\u0173 jaunimo verslumo centro \u012fgyvendinamame projekte \u201eTvari ateitis: ekologija, verslumas, fizinis aktyvumas ir \u012ftrauktis Anyk\u0161\u010diuose\u201c, kuriuo siekiama stiprinti...<\/p><a\n                            href=\"https:\/\/lnfaa.lt\/index.php\/2026\/02\/05\/lietuvos-neigaliuju-fizinio-aktyvumo-asociacija-partnere-projekte-tvari-ateitis-ekologija-verslumas-fizinis-aktyvumas-ir-itrauktis-anyksciuose\/\"\n                            class=\"eael-post-elements-readmore-btn\">Skaityti daugiau<\/a><\/div>\n                    <\/div><\/div><\/div>\n        <\/div>\n    <\/article><article class=\"eael-grid-post eael-post-grid-column\" data-id=\"1339\">\n        <div class=\"eael-grid-post-holder\">\n            <div class=\"eael-grid-post-holder-inner\"><div class=\"eael-entry-media\"><div class=\"eael-entry-overlay fade-in\"><i class=\"fas fa-long-arrow-alt-right\" aria-hidden=\"true\"><\/i><a href=\"https:\/\/lnfaa.lt\/index.php\/2025\/11\/18\/kaip-netiketa-iniciatyva-virto-istoriniu-ivykiu-vilniuje-startuoja-pirmasis-europoje-4x4-rankinio-vezimeliuose-cempionatas\/\"><\/a><\/div><div class=\"eael-entry-thumbnail \">\n                <img decoding=\"async\" width=\"800\" height=\"534\" src=\"https:\/\/lnfaa.lt\/wp-content\/uploads\/2025\/11\/Europos-4x4-rankinio-vezimeliuose-cempionato-Lietuvos-rinktine-lnfaa.lt_-1024x683.jpg\" class=\"attachment-large size-large wp-image-1340\" alt=\"\" srcset=\"https:\/\/lnfaa.lt\/wp-content\/uploads\/2025\/11\/Europos-4x4-rankinio-vezimeliuose-cempionato-Lietuvos-rinktine-lnfaa.lt_-1024x683.jpg 1024w, https:\/\/lnfaa.lt\/wp-content\/uploads\/2025\/11\/Europos-4x4-rankinio-vezimeliuose-cempionato-Lietuvos-rinktine-lnfaa.lt_-300x200.jpg 300w, https:\/\/lnfaa.lt\/wp-content\/uploads\/2025\/11\/Europos-4x4-rankinio-vezimeliuose-cempionato-Lietuvos-rinktine-lnfaa.lt_-768x512.jpg 768w, https:\/\/lnfaa.lt\/wp-content\/uploads\/2025\/11\/Europos-4x4-rankinio-vezimeliuose-cempionato-Lietuvos-rinktine-lnfaa.lt_-391x260.jpg 391w, https:\/\/lnfaa.lt\/wp-content\/uploads\/2025\/11\/Europos-4x4-rankinio-vezimeliuose-cempionato-Lietuvos-rinktine-lnfaa.lt_-1536x1024.jpg 1536w, https:\/\/lnfaa.lt\/wp-content\/uploads\/2025\/11\/Europos-4x4-rankinio-vezimeliuose-cempionato-Lietuvos-rinktine-lnfaa.lt_-2048x1365.jpg 2048w\" sizes=\"(max-width: 800px) 100vw, 800px\" \/>\n            <\/div>\n        <\/div><div class=\"eael-entry-wrapper\"><header class=\"eael-entry-header\"><h2 class=\"eael-entry-title\"><a\n                        class=\"eael-grid-post-link\"\n                        href=\"https:\/\/lnfaa.lt\/index.php\/2025\/11\/18\/kaip-netiketa-iniciatyva-virto-istoriniu-ivykiu-vilniuje-startuoja-pirmasis-europoje-4x4-rankinio-vezimeliuose-cempionatas\/\"\n                        title=\"Kaip netik\u0117ta iniciatyva virto istoriniu \u012fvykiu: Vilniuje startuoja pirmasis Europoje 4&#215;4 rankinio ve\u017eim\u0117liuose \u010dempionatas\">Kaip netik\u0117ta iniciatyva virto istoriniu \u012fvykiu: Vilniuje startuoja pirmasis Europoje 4&#215;4 rankinio ve\u017eim\u0117liuose \u010dempionatas<\/a><\/h2><\/header><div class=\"eael-entry-content\">\n                        <div class=\"eael-grid-post-excerpt\"><p>2025-11-18 Kaip netik\u0117ta iniciatyva virto istoriniu \u012fvykiu: Vilniuje startuoja pirmasis Europoje 4&#215;4 rankinio ve\u017eim\u0117liuose \u010dempionatas Lapkri\u010dio 26\u201330 dienomis Vilnius taps vienu svarbiausi\u0173 Europos sporto centr\u0173....<\/p><a\n                            href=\"https:\/\/lnfaa.lt\/index.php\/2025\/11\/18\/kaip-netiketa-iniciatyva-virto-istoriniu-ivykiu-vilniuje-startuoja-pirmasis-europoje-4x4-rankinio-vezimeliuose-cempionatas\/\"\n                            class=\"eael-post-elements-readmore-btn\">Skaityti daugiau<\/a><\/div>\n                    <\/div><\/div><\/div>\n        <\/div>\n    <\/article><article class=\"eael-grid-post eael-post-grid-column\" data-id=\"1285\">\n        <div class=\"eael-grid-post-holder\">\n            <div class=\"eael-grid-post-holder-inner\"><div class=\"eael-entry-media\"><div class=\"eael-entry-overlay fade-in\"><i class=\"fas fa-long-arrow-alt-right\" aria-hidden=\"true\"><\/i><a href=\"https:\/\/lnfaa.lt\/index.php\/2025\/10\/12\/kvieciame-jungtis-prie-lnfaa-bendruomenes\/\"><\/a><\/div><div class=\"eael-entry-thumbnail \">\n                <img loading=\"lazy\" decoding=\"async\" width=\"576\" height=\"1024\" src=\"https:\/\/lnfaa.lt\/wp-content\/uploads\/2025\/10\/Kvieciame-jungtis-prie-LNFAA-bendruomenes-576x1024.jpg\" class=\"attachment-large size-large wp-image-1286\" alt=\"\" srcset=\"https:\/\/lnfaa.lt\/wp-content\/uploads\/2025\/10\/Kvieciame-jungtis-prie-LNFAA-bendruomenes-576x1024.jpg 576w, https:\/\/lnfaa.lt\/wp-content\/uploads\/2025\/10\/Kvieciame-jungtis-prie-LNFAA-bendruomenes-169x300.jpg 169w, https:\/\/lnfaa.lt\/wp-content\/uploads\/2025\/10\/Kvieciame-jungtis-prie-LNFAA-bendruomenes-768x1365.jpg 768w, https:\/\/lnfaa.lt\/wp-content\/uploads\/2025\/10\/Kvieciame-jungtis-prie-LNFAA-bendruomenes-864x1536.jpg 864w, https:\/\/lnfaa.lt\/wp-content\/uploads\/2025\/10\/Kvieciame-jungtis-prie-LNFAA-bendruomenes.jpg 1080w\" sizes=\"(max-width: 576px) 100vw, 576px\" \/>\n            <\/div>\n        <\/div><div class=\"eael-entry-wrapper\"><header class=\"eael-entry-header\"><h2 class=\"eael-entry-title\"><a\n                        class=\"eael-grid-post-link\"\n                        href=\"https:\/\/lnfaa.lt\/index.php\/2025\/10\/12\/kvieciame-jungtis-prie-lnfaa-bendruomenes\/\"\n                        title=\"Kvie\u010diame jungtis prie LNFAA bendruomen\u0117s!\">Kvie\u010diame jungtis prie LNFAA bendruomen\u0117s!<\/a><\/h2><\/header><div class=\"eael-entry-content\">\n                        <div class=\"eael-grid-post-excerpt\"><p>2025-10-11 Kuriame \u012ftraukt\u012f per jud\u0117jim\u0105: nuo stovykl\u0173 iki Lietuvos \u010dempionato Lietuvos ne\u012fgali\u0173j\u0173 fizinio aktyvumo asociacija (LNFAA) kasdien dirba tam, kad fizinis aktyvumas ir sportas b\u016bt\u0173...<\/p><a\n                            href=\"https:\/\/lnfaa.lt\/index.php\/2025\/10\/12\/kvieciame-jungtis-prie-lnfaa-bendruomenes\/\"\n                            class=\"eael-post-elements-readmore-btn\">Skaityti daugiau<\/a><\/div>\n                    <\/div><\/div><\/div>\n        <\/div>\n    <\/article><article class=\"eael-grid-post eael-post-grid-column\" data-id=\"1278\">\n        <div class=\"eael-grid-post-holder\">\n            <div class=\"eael-grid-post-holder-inner\"><div class=\"eael-entry-media\"><div class=\"eael-entry-overlay fade-in\"><i class=\"fas fa-long-arrow-alt-right\" aria-hidden=\"true\"><\/i><a href=\"https:\/\/lnfaa.lt\/index.php\/2025\/10\/12\/akademine-bendruomene-savivalda-ir-nvo-telkiasi-kurti-tvaria-itraukties-modelio-vizija\/\"><\/a><\/div><div class=\"eael-entry-thumbnail \">\n                <img loading=\"lazy\" decoding=\"async\" width=\"800\" height=\"403\" src=\"https:\/\/lnfaa.lt\/wp-content\/uploads\/2025\/10\/20250911_1110172-1024x516.jpg\" class=\"attachment-large size-large wp-image-1279\" alt=\"\" srcset=\"https:\/\/lnfaa.lt\/wp-content\/uploads\/2025\/10\/20250911_1110172-1024x516.jpg 1024w, https:\/\/lnfaa.lt\/wp-content\/uploads\/2025\/10\/20250911_1110172-300x151.jpg 300w, https:\/\/lnfaa.lt\/wp-content\/uploads\/2025\/10\/20250911_1110172-768x387.jpg 768w, https:\/\/lnfaa.lt\/wp-content\/uploads\/2025\/10\/20250911_1110172-1536x774.jpg 1536w, https:\/\/lnfaa.lt\/wp-content\/uploads\/2025\/10\/20250911_1110172-2048x1032.jpg 2048w\" sizes=\"(max-width: 800px) 100vw, 800px\" \/>\n            <\/div>\n        <\/div><div class=\"eael-entry-wrapper\"><header class=\"eael-entry-header\"><h2 class=\"eael-entry-title\"><a\n                        class=\"eael-grid-post-link\"\n                        href=\"https:\/\/lnfaa.lt\/index.php\/2025\/10\/12\/akademine-bendruomene-savivalda-ir-nvo-telkiasi-kurti-tvaria-itraukties-modelio-vizija\/\"\n                        title=\"Akademin\u0117 bendruomen\u0117, savivalda ir NVO telkiasi kurti tvari\u0105 \u012ftraukties modelio vizij\u0105\">Akademin\u0117 bendruomen\u0117, savivalda ir NVO telkiasi kurti tvari\u0105 \u012ftraukties modelio vizij\u0105<\/a><\/h2><\/header><div class=\"eael-entry-content\">\n                        <div class=\"eael-grid-post-excerpt\"><p>2025-10-06 Akademin\u0117 bendruomen\u0117, savivalda ir NVO telkiasi kurti tvari\u0105 \u012ftraukties modelio vizij\u0105 Renginio metu buvo pristatyti pirminiai kiekybinio tyrimo rezultatai, atskleid\u017eiantys, kaip asmenys su negalia...<\/p><a\n                            href=\"https:\/\/lnfaa.lt\/index.php\/2025\/10\/12\/akademine-bendruomene-savivalda-ir-nvo-telkiasi-kurti-tvaria-itraukties-modelio-vizija\/\"\n                            class=\"eael-post-elements-readmore-btn\">Skaityti daugiau<\/a><\/div>\n                    <\/div><\/div><\/div>\n        <\/div>\n    <\/article><article class=\"eael-grid-post eael-post-grid-column\" data-id=\"1269\">\n        <div class=\"eael-grid-post-holder\">\n            <div class=\"eael-grid-post-holder-inner\"><div class=\"eael-entry-media\"><div class=\"eael-entry-overlay fade-in\"><i class=\"fas fa-long-arrow-alt-right\" aria-hidden=\"true\"><\/i><a href=\"https:\/\/lnfaa.lt\/index.php\/2025\/09\/29\/kuriama-istorija-vilniuje-pirmasis-ehf-4x4-rankinio-vezimeliuose-cempionatas\/\"><\/a><\/div><div class=\"eael-entry-thumbnail \">\n                <img loading=\"lazy\" decoding=\"async\" width=\"800\" height=\"671\" src=\"https:\/\/lnfaa.lt\/wp-content\/uploads\/2025\/09\/EHF-keturiu-pries-keturis-rankinio-vezimeliuose-cempionatas-1.png\" class=\"attachment-large size-large wp-image-1270\" alt=\"\" srcset=\"https:\/\/lnfaa.lt\/wp-content\/uploads\/2025\/09\/EHF-keturiu-pries-keturis-rankinio-vezimeliuose-cempionatas-1.png 940w, https:\/\/lnfaa.lt\/wp-content\/uploads\/2025\/09\/EHF-keturiu-pries-keturis-rankinio-vezimeliuose-cempionatas-1-300x251.png 300w, https:\/\/lnfaa.lt\/wp-content\/uploads\/2025\/09\/EHF-keturiu-pries-keturis-rankinio-vezimeliuose-cempionatas-1-768x644.png 768w\" sizes=\"(max-width: 800px) 100vw, 800px\" \/>\n            <\/div>\n        <\/div><div class=\"eael-entry-wrapper\"><header class=\"eael-entry-header\"><h2 class=\"eael-entry-title\"><a\n                        class=\"eael-grid-post-link\"\n                        href=\"https:\/\/lnfaa.lt\/index.php\/2025\/09\/29\/kuriama-istorija-vilniuje-pirmasis-ehf-4x4-rankinio-vezimeliuose-cempionatas\/\"\n                        title=\"Kuriama istorija: Vilniuje &#8211; pirmasis EHF 4X4 rankinio ve\u017eim\u0117liuose \u010dempionatas\">Kuriama istorija: Vilniuje &#8211; pirmasis EHF 4X4 rankinio ve\u017eim\u0117liuose \u010dempionatas<\/a><\/h2><\/header><div class=\"eael-entry-content\">\n                        <div class=\"eael-grid-post-excerpt\"><p>2025-09-29 Kuriama istorija: Vilniuje &#8211; pirmasis EHF 4X4 rankinio ve\u017eim\u0117liuose \u010dempionatas 2025 m. lapkri\u010dio 24\u201330 d. Vilnius taps svarbia Europos sporto \u017eem\u0117lapio vieta &#8211; pirm\u0105...<\/p><a\n                            href=\"https:\/\/lnfaa.lt\/index.php\/2025\/09\/29\/kuriama-istorija-vilniuje-pirmasis-ehf-4x4-rankinio-vezimeliuose-cempionatas\/\"\n                            class=\"eael-post-elements-readmore-btn\">Skaityti daugiau<\/a><\/div>\n                    <\/div><\/div><\/div>\n        <\/div>\n    <\/article><article class=\"eael-grid-post eael-post-grid-column\" data-id=\"1209\">\n        <div class=\"eael-grid-post-holder\">\n            <div class=\"eael-grid-post-holder-inner\"><div class=\"eael-entry-media\"><div class=\"eael-entry-overlay fade-in\"><i class=\"fas fa-long-arrow-alt-right\" aria-hidden=\"true\"><\/i><a href=\"https:\/\/lnfaa.lt\/index.php\/2025\/07\/20\/lnfaa-prisideda-prie-socialines-itraukties-stiprinimo-projekte-iniciatyvu-kelias-nuo-idejosiki-pokyciu\/\"><\/a><\/div><div class=\"eael-entry-thumbnail \">\n                <img loading=\"lazy\" decoding=\"async\" width=\"800\" height=\"800\" src=\"https:\/\/lnfaa.lt\/wp-content\/uploads\/2025\/07\/519709777_122253586574066758_264667388228747058_n-1024x1024.jpg\" class=\"attachment-large size-large wp-image-1210\" alt=\"\" srcset=\"https:\/\/lnfaa.lt\/wp-content\/uploads\/2025\/07\/519709777_122253586574066758_264667388228747058_n-1024x1024.jpg 1024w, https:\/\/lnfaa.lt\/wp-content\/uploads\/2025\/07\/519709777_122253586574066758_264667388228747058_n-300x300.jpg 300w, https:\/\/lnfaa.lt\/wp-content\/uploads\/2025\/07\/519709777_122253586574066758_264667388228747058_n-150x150.jpg 150w, https:\/\/lnfaa.lt\/wp-content\/uploads\/2025\/07\/519709777_122253586574066758_264667388228747058_n-768x768.jpg 768w, https:\/\/lnfaa.lt\/wp-content\/uploads\/2025\/07\/519709777_122253586574066758_264667388228747058_n-500x500.jpg 500w, https:\/\/lnfaa.lt\/wp-content\/uploads\/2025\/07\/519709777_122253586574066758_264667388228747058_n-400x400.jpg 400w, https:\/\/lnfaa.lt\/wp-content\/uploads\/2025\/07\/519709777_122253586574066758_264667388228747058_n.jpg 1080w\" sizes=\"(max-width: 800px) 100vw, 800px\" \/>\n            <\/div>\n        <\/div><div class=\"eael-entry-wrapper\"><header class=\"eael-entry-header\"><h2 class=\"eael-entry-title\"><a\n                        class=\"eael-grid-post-link\"\n                        href=\"https:\/\/lnfaa.lt\/index.php\/2025\/07\/20\/lnfaa-prisideda-prie-socialines-itraukties-stiprinimo-projekte-iniciatyvu-kelias-nuo-idejosiki-pokyciu\/\"\n                        title=\"LNFAA prisideda prie socialin\u0117s \u012ftraukties stiprinimo projekte \u201eIniciatyv\u0173 kelias: nuo id\u0117josiki poky\u010di\u0173\u201c\">LNFAA prisideda prie socialin\u0117s \u012ftraukties stiprinimo projekte \u201eIniciatyv\u0173 kelias: nuo id\u0117josiki poky\u010di\u0173\u201c<\/a><\/h2><\/header><div class=\"eael-entry-content\">\n                        <div class=\"eael-grid-post-excerpt\"><p>2025-07-17 LNFAA prisideda prie socialin\u0117s \u012ftraukties stiprinimo projekte \u201eIniciatyv\u0173 kelias: nuo id\u0117jos iki poky\u010di\u0173\u201c Lietuvos ne\u012fgali\u0173j\u0173 fizinio aktyvumo asociacija (LNFAA) tampa partneriu projekte \u201eIniciatyv\u0173 kelias:...<\/p><a\n                            href=\"https:\/\/lnfaa.lt\/index.php\/2025\/07\/20\/lnfaa-prisideda-prie-socialines-itraukties-stiprinimo-projekte-iniciatyvu-kelias-nuo-idejosiki-pokyciu\/\"\n                            class=\"eael-post-elements-readmore-btn\">Skaityti daugiau<\/a><\/div>\n                    <\/div><\/div><\/div>\n        <\/div>\n    <\/article><article class=\"eael-grid-post eael-post-grid-column\" data-id=\"1178\">\n        <div class=\"eael-grid-post-holder\">\n            <div class=\"eael-grid-post-holder-inner\"><div class=\"eael-entry-media\"><div class=\"eael-entry-overlay fade-in\"><i class=\"fas fa-long-arrow-alt-right\" aria-hidden=\"true\"><\/i><a href=\"https:\/\/lnfaa.lt\/index.php\/2025\/06\/29\/automobiliu-pritaikymas-rankinis-valdymas-360-funkcines-kedes-vezimeliu-kelimo-mechanizmai\/\"><\/a><\/div><div class=\"eael-entry-thumbnail \">\n                <img loading=\"lazy\" decoding=\"async\" width=\"800\" height=\"671\" src=\"https:\/\/lnfaa.lt\/wp-content\/uploads\/2025\/06\/1.png\" class=\"attachment-large size-large wp-image-1181\" alt=\"auto pritaikymas ne\u012fgaliesiems\" srcset=\"https:\/\/lnfaa.lt\/wp-content\/uploads\/2025\/06\/1.png 940w, https:\/\/lnfaa.lt\/wp-content\/uploads\/2025\/06\/1-300x251.png 300w, https:\/\/lnfaa.lt\/wp-content\/uploads\/2025\/06\/1-768x644.png 768w\" sizes=\"(max-width: 800px) 100vw, 800px\" \/>\n            <\/div>\n        <\/div><div class=\"eael-entry-wrapper\"><header class=\"eael-entry-header\"><h2 class=\"eael-entry-title\"><a\n                        class=\"eael-grid-post-link\"\n                        href=\"https:\/\/lnfaa.lt\/index.php\/2025\/06\/29\/automobiliu-pritaikymas-rankinis-valdymas-360-funkcines-kedes-vezimeliu-kelimo-mechanizmai\/\"\n                        title=\"Automobili\u0173 pritaikymas: rankinis valdymas, 360 funkcin\u0117s k\u0117d\u0117s, ve\u017eim\u0117li\u0173 k\u0117limo mechanizmai\">Automobili\u0173 pritaikymas: rankinis valdymas, 360 funkcin\u0117s k\u0117d\u0117s, ve\u017eim\u0117li\u0173 k\u0117limo mechanizmai<\/a><\/h2><\/header><div class=\"eael-entry-content\">\n                        <div class=\"eael-grid-post-excerpt\"><p>Automobili\u0173 pritaikymas: rankinis valdymas, 360 funkcin\u0117s k\u0117d\u0117s, ve\u017eim\u0117li\u0173 k\u0117limo mechanizmai \u0160i\u0105 istorij\u0105 gird\u0117jome ne kart\u0105. \u017dmogus, kuriam \u012fprastas i\u0161va\u017eiavimas \u012f miest\u0105 tapo sud\u0117tingas procesas \u2013...<\/p><a\n                            href=\"https:\/\/lnfaa.lt\/index.php\/2025\/06\/29\/automobiliu-pritaikymas-rankinis-valdymas-360-funkcines-kedes-vezimeliu-kelimo-mechanizmai\/\"\n                            class=\"eael-post-elements-readmore-btn\">Skaityti daugiau<\/a><\/div>\n                    <\/div><\/div><\/div>\n        <\/div>\n    <\/article><\/div>\n            <div class=\"clearfix\"><\/div>\n        <\/div>            <div class=\"eael-load-more-button-wrap\">\n                <button class=\"eael-load-more-button\" id=\"eael-load-more-btn-b471296\" data-widget-id=\"b471296\" data-widget=\"b471296\" data-page-id=\"32\" data-template=\"{&quot;dir&quot;:&quot;lite&quot;,&quot;file_name&quot;:&quot;default.php&quot;,&quot;name&quot;:&quot;Post-Grid&quot;}\" data-class=\"Essential_Addons_Elementor\\Elements\\Post_Grid\" data-layout=\"masonry\" data-page=\"1\" data-args=\"orderby=date&amp;order=desc&amp;ignore_sticky_posts=1&amp;post_status=publish&amp;posts_per_page=8&amp;offset=0&amp;post_type=post&amp;tax_query%5B0%5D%5Btaxonomy%5D=category&amp;tax_query%5B0%5D%5Bfield%5D=term_id&amp;tax_query%5B0%5D%5Bterms%5D%5B0%5D=13&amp;tax_query%5Brelation%5D=AND\" data-max-page=\"4\">\n                    <span class=\"eael-btn-loader button__loader\"><\/span>\n                    <span class=\"eael_load_more_text\">Rodyti daugiau<\/span>\n                <\/button>\n            <\/div>\n            \t\t<\/div>\n\t\t\t\t<\/div>\n\t\t\t\t\t<\/div>\n\t\t\t\t<\/div>\n\t\t\t\t<\/div>\n\t\t","protected":false},"excerpt":{"rendered":"<p>Naujienos KPGM Baltics \u2013 Lietuvos ne\u012fgali\u0173j\u0173 fizinio aktyvumo asociacijos vizija patik\u0117jusi \u012fmon\u0117 2024-05-02 KPGM Baltics \u2013 Lietuvos ne\u012fgali\u0173j\u0173 fizinio aktyvumo asociacijos vizija patik\u0117jusi \u012fmon\u0117 KPMG Baltics \u2013 tarptautin\u0117 audito, mokes\u010di\u0173 ir verslo konsultacij\u0173 bendrov\u0117, siekianti pad\u0117ti organizacijoms&#8230; Skaityti daugiau Ne\u012fgali\u0173j\u0173 reikal\u0173 departamento prie SADM finansuoti seminarai 2024-04-26 Ne\u012fgali\u0173j\u0173 reikal\u0173 departamento prie SADM finansuoti seminarai Vykdant [&hellip;]<\/p>\n","protected":false},"author":2,"featured_media":0,"parent":0,"menu_order":0,"comment_status":"closed","ping_status":"closed","template":"","meta":{"footnotes":""},"_links":{"self":[{"href":"https:\/\/lnfaa.lt\/index.php\/wp-json\/wp\/v2\/pages\/32"}],"collection":[{"href":"https:\/\/lnfaa.lt\/index.php\/wp-json\/wp\/v2\/pages"}],"about":[{"href":"https:\/\/lnfaa.lt\/index.php\/wp-json\/wp\/v2\/types\/page"}],"author":[{"embeddable":true,"href":"https:\/\/lnfaa.lt\/index.php\/wp-json\/wp\/v2\/users\/2"}],"replies":[{"embeddable":true,"href":"https:\/\/lnfaa.lt\/index.php\/wp-json\/wp\/v2\/comments?post=32"}],"version-history":[{"count":25,"href":"https:\/\/lnfaa.lt\/index.php\/wp-json\/wp\/v2\/pages\/32\/revisions"}],"predecessor-version":[{"id":849,"href":"https:\/\/lnfaa.lt\/index.php\/wp-json\/wp\/v2\/pages\/32\/revisions\/849"}],"wp:attachment":[{"href":"https:\/\/lnfaa.lt\/index.php\/wp-json\/wp\/v2\/media?parent=32"}],"curies":[{"name":"wp","href":"https:\/\/api.w.org\/{rel}","templated":true}]}}