{"id":1253,"date":"2025-08-04T22:29:14","date_gmt":"2025-08-04T20:29:14","guid":{"rendered":"https:\/\/lnfaa.lt\/?page_id=1253"},"modified":"2025-08-04T22:32:45","modified_gmt":"2025-08-04T20:32:45","slug":"nuo-krepsinio-iki-lanko-edgaro-ciaplinsko-kelione-kuri-ikvepia","status":"publish","type":"page","link":"https:\/\/lnfaa.lt\/index.php\/nuo-krepsinio-iki-lanko-edgaro-ciaplinsko-kelione-kuri-ikvepia\/","title":{"rendered":"Nuo krep\u0161inio iki lanko: Edgaro \u010ciaplinsko kelion\u0117, kuri \u012fkvepia"},"content":{"rendered":"\t\t<div data-elementor-type=\"wp-page\" data-elementor-id=\"1253\" class=\"elementor elementor-1253\">\n\t\t\t\t<div class=\"elementor-element elementor-element-b957759 e-flex e-con-boxed e-con e-parent\" data-id=\"b957759\" data-element_type=\"container\" data-core-v316-plus=\"true\">\n\t\t\t\t\t<div class=\"e-con-inner\">\n\t\t\t\t<div class=\"elementor-element elementor-element-5000774 elementor-widget elementor-widget-heading\" data-id=\"5000774\" data-element_type=\"widget\" data-widget_type=\"heading.default\">\n\t\t\t\t<div class=\"elementor-widget-container\">\n\t\t\t<style>\/*! elementor - v3.20.0 - 13-03-2024 *\/\n.elementor-heading-title{padding:0;margin:0;line-height:1}.elementor-widget-heading .elementor-heading-title[class*=elementor-size-]>a{color:inherit;font-size:inherit;line-height:inherit}.elementor-widget-heading .elementor-heading-title.elementor-size-small{font-size:15px}.elementor-widget-heading .elementor-heading-title.elementor-size-medium{font-size:19px}.elementor-widget-heading .elementor-heading-title.elementor-size-large{font-size:29px}.elementor-widget-heading .elementor-heading-title.elementor-size-xl{font-size:39px}.elementor-widget-heading .elementor-heading-title.elementor-size-xxl{font-size:59px}<\/style><h2 class=\"elementor-heading-title elementor-size-default\">Nuo krep\u0161inio iki lanko: Edgaro \u010ciaplinsko kelion\u0117, kuri \u012fkvepia\n<\/h2>\t\t<\/div>\n\t\t\t\t<\/div>\n\t\t\t\t\t<\/div>\n\t\t\t\t<\/div>\n\t\t<div class=\"elementor-element elementor-element-02feb0d e-flex e-con-boxed e-con e-parent\" data-id=\"02feb0d\" data-element_type=\"container\" data-core-v316-plus=\"true\">\n\t\t\t\t\t<div class=\"e-con-inner\">\n\t\t\t\t<div class=\"elementor-element elementor-element-2dbc408 elementor-widget elementor-widget-image\" data-id=\"2dbc408\" data-element_type=\"widget\" data-widget_type=\"image.default\">\n\t\t\t\t<div class=\"elementor-widget-container\">\n\t\t\t<style>\/*! elementor - v3.20.0 - 13-03-2024 *\/\n.elementor-widget-image{text-align:center}.elementor-widget-image a{display:inline-block}.elementor-widget-image a img[src$=\".svg\"]{width:48px}.elementor-widget-image img{vertical-align:middle;display:inline-block}<\/style>\t\t\t\t\t\t\t\t\t\t<img fetchpriority=\"high\" decoding=\"async\" width=\"800\" height=\"800\" src=\"https:\/\/lnfaa.lt\/wp-content\/uploads\/2025\/08\/13-460-E-tavo-automobilio-pritaikymui.-3-1024x1024.jpg\" class=\"attachment-large size-large wp-image-1238\" alt=\"\" srcset=\"https:\/\/lnfaa.lt\/wp-content\/uploads\/2025\/08\/13-460-E-tavo-automobilio-pritaikymui.-3-1024x1024.jpg 1024w, https:\/\/lnfaa.lt\/wp-content\/uploads\/2025\/08\/13-460-E-tavo-automobilio-pritaikymui.-3-300x300.jpg 300w, https:\/\/lnfaa.lt\/wp-content\/uploads\/2025\/08\/13-460-E-tavo-automobilio-pritaikymui.-3-150x150.jpg 150w, https:\/\/lnfaa.lt\/wp-content\/uploads\/2025\/08\/13-460-E-tavo-automobilio-pritaikymui.-3-768x768.jpg 768w, https:\/\/lnfaa.lt\/wp-content\/uploads\/2025\/08\/13-460-E-tavo-automobilio-pritaikymui.-3-500x500.jpg 500w, https:\/\/lnfaa.lt\/wp-content\/uploads\/2025\/08\/13-460-E-tavo-automobilio-pritaikymui.-3-400x400.jpg 400w, https:\/\/lnfaa.lt\/wp-content\/uploads\/2025\/08\/13-460-E-tavo-automobilio-pritaikymui.-3.jpg 1080w\" sizes=\"(max-width: 800px) 100vw, 800px\" \/>\t\t\t\t\t\t\t\t\t\t\t\t\t<\/div>\n\t\t\t\t<\/div>\n\t\t<div class=\"elementor-element elementor-element-97e2ef6 e-con-full e-flex e-con e-child\" data-id=\"97e2ef6\" data-element_type=\"container\">\n\t\t\t\t<div class=\"elementor-element elementor-element-5ad639f elementor-widget elementor-widget-spacer\" data-id=\"5ad639f\" data-element_type=\"widget\" data-widget_type=\"spacer.default\">\n\t\t\t\t<div class=\"elementor-widget-container\">\n\t\t\t<style>\/*! elementor - v3.20.0 - 13-03-2024 *\/\n.elementor-column .elementor-spacer-inner{height:var(--spacer-size)}.e-con{--container-widget-width:100%}.e-con-inner>.elementor-widget-spacer,.e-con>.elementor-widget-spacer{width:var(--container-widget-width,var(--spacer-size));--align-self:var(--container-widget-align-self,initial);--flex-shrink:0}.e-con-inner>.elementor-widget-spacer>.elementor-widget-container,.e-con>.elementor-widget-spacer>.elementor-widget-container{height:100%;width:100%}.e-con-inner>.elementor-widget-spacer>.elementor-widget-container>.elementor-spacer,.e-con>.elementor-widget-spacer>.elementor-widget-container>.elementor-spacer{height:100%}.e-con-inner>.elementor-widget-spacer>.elementor-widget-container>.elementor-spacer>.elementor-spacer-inner,.e-con>.elementor-widget-spacer>.elementor-widget-container>.elementor-spacer>.elementor-spacer-inner{height:var(--container-widget-height,var(--spacer-size))}.e-con-inner>.elementor-widget-spacer.elementor-widget-empty,.e-con>.elementor-widget-spacer.elementor-widget-empty{position:relative;min-height:22px;min-width:22px}.e-con-inner>.elementor-widget-spacer.elementor-widget-empty .elementor-widget-empty-icon,.e-con>.elementor-widget-spacer.elementor-widget-empty .elementor-widget-empty-icon{position:absolute;top:0;bottom:0;left:0;right:0;margin:auto;padding:0;width:22px;height:22px}<\/style>\t\t<div class=\"elementor-spacer\">\n\t\t\t<div class=\"elementor-spacer-inner\"><\/div>\n\t\t<\/div>\n\t\t\t\t<\/div>\n\t\t\t\t<\/div>\n\t\t\t\t<div class=\"elementor-element elementor-element-3c80615 elementor-widget elementor-widget-text-editor\" data-id=\"3c80615\" data-element_type=\"widget\" data-widget_type=\"text-editor.default\">\n\t\t\t\t<div class=\"elementor-widget-container\">\n\t\t\t<style>\/*! elementor - v3.20.0 - 13-03-2024 *\/\n.elementor-widget-text-editor.elementor-drop-cap-view-stacked .elementor-drop-cap{background-color:#69727d;color:#fff}.elementor-widget-text-editor.elementor-drop-cap-view-framed .elementor-drop-cap{color:#69727d;border:3px solid;background-color:transparent}.elementor-widget-text-editor:not(.elementor-drop-cap-view-default) .elementor-drop-cap{margin-top:8px}.elementor-widget-text-editor:not(.elementor-drop-cap-view-default) .elementor-drop-cap-letter{width:1em;height:1em}.elementor-widget-text-editor .elementor-drop-cap{float:left;text-align:center;line-height:1;font-size:50px}.elementor-widget-text-editor .elementor-drop-cap-letter{display:inline-block}<\/style>\t\t\t\t<p><b>Edgaras \u010ciaplinskas<\/b> \u2013 tai vardas, kuris puikiai pa\u017e\u012fstamas ve\u017eim\u0117li\u0173 krep\u0161inio aistruoliams. Ta\u010diau 37-eri\u0173 alyti\u0161kio sportinis kelias \u2013 tai daugiasluoksn\u0117 istorija, pilna netik\u0117tum\u0173 ir dr\u0105si\u0173 poky\u010di\u0173. Tai pasakojimas apie atkaklum\u0105, sav\u0119s atradim\u0105 ir nauj\u0173 i\u0161\u0161\u016bki\u0173 pri\u0117mim\u0105, kurie pad\u0117jo jam rasti ne tik sportin\u0119 aistr\u0105, bet ir gyvenimo meil\u0119.<\/p><h3>Antrasis kv\u0117pavimas po l\u016b\u017eio<\/h3><p>Iki 2007 met\u0173 Edgaras aktyviai sportavo: plaukiojo, \u017eaid\u0117 krep\u0161in\u012f ir i\u0161band\u0117 kitas sporto \u0161akas. Ta\u010diau l\u016b\u017eis stubure kardinaliai pakeit\u0117 jo gyvenim\u0105. Vietoj to, kad pasinert\u0173 \u012f nevilt\u012f, jis surado nauj\u0105 sporto \u0161ak\u0105, kuri tapo ne tik pom\u0117giu, bet ir tikslu. 2008 metais, nuvyk\u0119s \u012f pirm\u0105j\u0105 ve\u017eim\u0117li\u0173 krep\u0161inio treniruot\u0119, Edgaras i\u0161kart pajuto ry\u0161\u012f. \u201eMan i\u0161 karto patiko kontaktas su ve\u017eim\u0117liais\u201c, \u2013 prisimena jis.<\/p>\t\t\t\t\t\t<\/div>\n\t\t\t\t<\/div>\n\t\t\t\t<\/div>\n\t\t\t\t\t<\/div>\n\t\t\t\t<\/div>\n\t\t<div class=\"elementor-element elementor-element-54e98be e-flex e-con-boxed e-con e-parent\" data-id=\"54e98be\" data-element_type=\"container\" data-core-v316-plus=\"true\">\n\t\t\t\t\t<div class=\"e-con-inner\">\n\t\t\t\t<div class=\"elementor-element elementor-element-7203947 elementor-widget elementor-widget-text-editor\" data-id=\"7203947\" data-element_type=\"widget\" data-widget_type=\"text-editor.default\">\n\t\t\t\t<div class=\"elementor-widget-container\">\n\t\t\t\t\t\t\t<p>Nuo tos dienos prasid\u0117jo ilgas ir sunkus darbas, kuris netruko duoti rezultat\u0173. Netrukus Edgaras pateko \u012f <b>Lietuvos ve\u017eim\u0117li\u0173 krep\u0161inio rinktin\u0119<\/b>, o v\u0117liau i\u0161vyko \u017eaisti krep\u0161in\u012f ir u\u017esienyje. Sportas atv\u0117r\u0117 naujas galimybes ir suteik\u0117 \u0161ans\u0105 parodyti save pasauliui. Kaip pats sako: \u201eAtsiv\u0117r\u0117 galimyb\u0117 parodyti save pasauliui, o ne s\u0117d\u0117ti namie u\u017esidarius.\u201c<\/p><h3>Daugiau nei \u017eaidimas<\/h3><p>Sportas Edgarui dav\u0117 kur kas daugiau nei vien pergal\u0117s. \u201eD\u0117ka sporto susipa\u017einau su daugybe nuostabi\u0173 \u017emoni\u0173, tame tarpe ir savo \u017emona Kristina\u201c, \u2013 atvirauja jis. Be to, intensyvios treniruot\u0117s pad\u0117jo jam sustipr\u0117ti ne tik fizi\u0161kai, bet ir emoci\u0161kai, \u012fgauti daugiau pasitik\u0117jimo savimi.<\/p><p>Edgaras atvirai pripa\u017e\u012fsta, kad viena did\u017eiausi\u0173 kli\u016b\u010di\u0173 \u2013 prisiversti eiti \u012f treniruot\u0119. Ta\u010diau, atvykus \u012f sporto sal\u0119, \u012fsijungia \u201ekitas re\u017eimas\u201c. \u201eMaksimaliai atidirbi treniruot\u0117je\u201c, \u2013 sako jis, vadovaudamasis vaikyst\u0117s trenerio \u017eod\u017eiais: \u201eKuo sunkiau treniruot\u0117se, tuo lengviau var\u017eybose.\u201c \u0160is po\u017ei\u016bris lydi j\u012f kiekvienoje treniruot\u0117je, skatindamas maksimaliai atiduoti save ir siekti geresni\u0173 rezultat\u0173 var\u017eybose.<\/p><p><strong>Nauja prad\u017eia \u2013 nauji i\u0161\u0161\u016bkiai<\/strong><\/p><p><strong><br \/><\/strong>Nors ve\u017eim\u0117li\u0173 krep\u0161inis Edgarui atne\u0161\u0117 daug pergali\u0173 ir d\u017eiaugsmo, jis nebijo imtis nauj\u0173 i\u0161\u0161\u016bki\u0173. \u0160iuo metu Edgaras \u017eengia pirmuosius \u017eingsnius <b>ve\u017eim\u0117li\u0173 rankinyje<\/b> ir <b>\u0161audyme skriemuliniu lanku<\/b>. \u0160ios sporto \u0161akos jam teb\u0117ra naujov\u0117s, ta\u010diau jis, b\u016bdamas entuziastingas ir motyvuotas sportininkas, nekantrauja pamatyti, kur j\u012f nuves \u0161is naujas kelias.<\/p><p>Edgaro \u010ciaplinsko istorija \u2013 tai ry\u0161kus pavyzdys, kad gyvenimo l\u016b\u017eiai gali tapti naujo etapo prad\u017eia. Jo kelion\u0117 parodo, kad aistra, atkaklumas ir dr\u0105sa i\u0161bandyti naujus dalykus atveria duris \u012f galimybi\u0173 pasaul\u012f, kuriame sportas yra ne tik fizin\u0117 veikla, bet ir sav\u0119s atradimo, d\u017eiaugsmo bei bendryst\u0117s \u0161altinis.<\/p><div>\u00a0<\/div>\t\t\t\t\t\t<\/div>\n\t\t\t\t<\/div>\n\t\t\t\t\t<\/div>\n\t\t\t\t<\/div>\n\t\t\t\t<\/div>\n\t\t","protected":false},"excerpt":{"rendered":"<p>Nuo krep\u0161inio iki lanko: Edgaro \u010ciaplinsko kelion\u0117, kuri \u012fkvepia Edgaras \u010ciaplinskas \u2013 tai vardas, kuris puikiai pa\u017e\u012fstamas ve\u017eim\u0117li\u0173 krep\u0161inio aistruoliams. Ta\u010diau 37-eri\u0173 alyti\u0161kio sportinis kelias \u2013 tai daugiasluoksn\u0117 istorija, pilna netik\u0117tum\u0173 ir dr\u0105si\u0173 poky\u010di\u0173. Tai pasakojimas apie atkaklum\u0105, sav\u0119s atradim\u0105 ir nauj\u0173 i\u0161\u0161\u016bki\u0173 pri\u0117mim\u0105, kurie pad\u0117jo jam rasti ne tik sportin\u0119 aistr\u0105, bet ir gyvenimo [&hellip;]<\/p>\n","protected":false},"author":1,"featured_media":1238,"parent":0,"menu_order":0,"comment_status":"closed","ping_status":"closed","template":"","meta":{"footnotes":""},"_links":{"self":[{"href":"https:\/\/lnfaa.lt\/index.php\/wp-json\/wp\/v2\/pages\/1253"}],"collection":[{"href":"https:\/\/lnfaa.lt\/index.php\/wp-json\/wp\/v2\/pages"}],"about":[{"href":"https:\/\/lnfaa.lt\/index.php\/wp-json\/wp\/v2\/types\/page"}],"author":[{"embeddable":true,"href":"https:\/\/lnfaa.lt\/index.php\/wp-json\/wp\/v2\/users\/1"}],"replies":[{"embeddable":true,"href":"https:\/\/lnfaa.lt\/index.php\/wp-json\/wp\/v2\/comments?post=1253"}],"version-history":[{"count":4,"href":"https:\/\/lnfaa.lt\/index.php\/wp-json\/wp\/v2\/pages\/1253\/revisions"}],"predecessor-version":[{"id":1257,"href":"https:\/\/lnfaa.lt\/index.php\/wp-json\/wp\/v2\/pages\/1253\/revisions\/1257"}],"wp:featuredmedia":[{"embeddable":true,"href":"https:\/\/lnfaa.lt\/index.php\/wp-json\/wp\/v2\/media\/1238"}],"wp:attachment":[{"href":"https:\/\/lnfaa.lt\/index.php\/wp-json\/wp\/v2\/media?parent=1253"}],"curies":[{"name":"wp","href":"https:\/\/api.w.org\/{rel}","templated":true}]}}